{"id":9038,"date":"2018-07-03T17:41:40","date_gmt":"2018-07-03T17:41:40","guid":{"rendered":"https:\/\/laatomica.com.ar\/?page_id=9038"},"modified":"2026-03-24T11:29:17","modified_gmt":"2026-03-24T14:29:17","slug":"columnas-de-alumbrado","status":"publish","type":"page","link":"https:\/\/laatomica.com.ar\/index.php\/columnas-de-alumbrado\/","title":{"rendered":"Productos especiales"},"content":{"rendered":"\t\t<div data-elementor-type=\"wp-page\" data-elementor-id=\"9038\" class=\"elementor elementor-9038\">\n\t\t\t\t\t\t<div class=\"elementor-inner\">\n\t\t\t\t<div class=\"elementor-section-wrap\">\n\t\t\t\t\t\t\t\t\t<section class=\"elementor-section elementor-top-section elementor-element elementor-element-486e4e1c elementor-section-boxed elementor-section-height-default elementor-section-height-default\" data-id=\"486e4e1c\" data-element_type=\"section\">\n\t\t\t\t\t\t<div class=\"elementor-container elementor-column-gap-default\">\n\t\t\t\t\t\t\t<div class=\"elementor-row\">\n\t\t\t\t\t<div class=\"elementor-column elementor-col-100 elementor-top-column elementor-element elementor-element-765d1887\" data-id=\"765d1887\" data-element_type=\"column\">\n\t\t\t<div class=\"elementor-column-wrap elementor-element-populated\">\n\t\t\t\t\t\t\t<div class=\"elementor-widget-wrap\">\n\t\t\t\t\t\t<div class=\"elementor-element elementor-element-577a10fe elementor-widget elementor-widget-text-editor\" data-id=\"577a10fe\" data-element_type=\"widget\" data-widget_type=\"text-editor.default\">\n\t\t\t\t<div class=\"elementor-widget-container\">\n\t\t\t\t\t\t\t\t<div class=\"elementor-text-editor elementor-clearfix\">\n\t\t\t\t<p><b>Nuestra trayectoria y la capacitaci\u00f3n continua de nuestro equipo nos permiten desarrollar nuevos productos e incursionar en nuevos rubros metal\u00fargicos.<\/b><\/p><p><b>En ese camino, hemos incorporado una nueva l\u00ednea de producci\u00f3n destinada a productos especiales.<\/b><\/p>\t\t\t\t\t<\/div>\n\t\t\t\t\t\t<\/div>\n\t\t\t\t<\/div>\n\t\t\t\t\t\t<\/div>\n\t\t\t\t\t<\/div>\n\t\t<\/div>\n\t\t\t\t\t\t\t\t<\/div>\n\t\t\t\t\t<\/div>\n\t\t<\/section>\n\t\t\t\t<section class=\"elementor-section elementor-top-section elementor-element elementor-element-4edcdee elementor-section-full_width elementor-section-stretched elementor-section-height-default elementor-section-height-default\" data-id=\"4edcdee\" data-element_type=\"section\" data-settings=\"{&quot;stretch_section&quot;:&quot;section-stretched&quot;}\">\n\t\t\t\t\t\t<div class=\"elementor-container elementor-column-gap-default\">\n\t\t\t\t\t\t\t<div class=\"elementor-row\">\n\t\t\t\t\t<div class=\"elementor-column elementor-col-100 elementor-top-column elementor-element elementor-element-df958e0\" data-id=\"df958e0\" data-element_type=\"column\">\n\t\t\t<div class=\"elementor-column-wrap elementor-element-populated\">\n\t\t\t\t\t\t\t<div class=\"elementor-widget-wrap\">\n\t\t\t\t\t\t<div class=\"elementor-element elementor-element-177b92a elementor-widget-divider--view-line elementor-widget elementor-widget-divider\" data-id=\"177b92a\" data-element_type=\"widget\" data-widget_type=\"divider.default\">\n\t\t\t\t<div class=\"elementor-widget-container\">\n\t\t\t\t\t<div class=\"elementor-divider\">\n\t\t\t<span class=\"elementor-divider-separator\">\n\t\t\t\t\t\t<\/span>\n\t\t<\/div>\n\t\t\t\t<\/div>\n\t\t\t\t<\/div>\n\t\t\t\t\t\t<\/div>\n\t\t\t\t\t<\/div>\n\t\t<\/div>\n\t\t\t\t\t\t\t\t<\/div>\n\t\t\t\t\t<\/div>\n\t\t<\/section>\n\t\t\t\t<section class=\"elementor-section elementor-top-section elementor-element elementor-element-e8bf2da elementor-section-full_width elementor-section-height-default elementor-section-height-default\" data-id=\"e8bf2da\" data-element_type=\"section\">\n\t\t\t\t\t\t<div class=\"elementor-container elementor-column-gap-default\">\n\t\t\t\t\t\t\t<div class=\"elementor-row\">\n\t\t\t\t\t<div class=\"elementor-column elementor-col-100 elementor-top-column elementor-element elementor-element-68fce34\" data-id=\"68fce34\" data-element_type=\"column\">\n\t\t\t<div class=\"elementor-column-wrap elementor-element-populated\">\n\t\t\t\t\t\t\t<div class=\"elementor-widget-wrap\">\n\t\t\t\t\t\t<div class=\"elementor-element elementor-element-83834a3 elementor-widget elementor-widget-heading\" data-id=\"83834a3\" data-element_type=\"widget\" data-widget_type=\"heading.default\">\n\t\t\t\t<div class=\"elementor-widget-container\">\n\t\t\t<h2 class=\"elementor-heading-title elementor-size-default\">Columnas de alumbrado a medida<\/h2>\t\t<\/div>\n\t\t\t\t<\/div>\n\t\t\t\t\t\t<\/div>\n\t\t\t\t\t<\/div>\n\t\t<\/div>\n\t\t\t\t\t\t\t\t<\/div>\n\t\t\t\t\t<\/div>\n\t\t<\/section>\n\t\t\t\t<section class=\"elementor-section elementor-top-section elementor-element elementor-element-2612916 elementor-section-full_width elementor-section-stretched elementor-section-height-default elementor-section-height-default\" data-id=\"2612916\" data-element_type=\"section\" data-settings=\"{&quot;stretch_section&quot;:&quot;section-stretched&quot;}\">\n\t\t\t\t\t\t<div class=\"elementor-container elementor-column-gap-default\">\n\t\t\t\t\t\t\t<div class=\"elementor-row\">\n\t\t\t\t\t<div class=\"elementor-column elementor-col-50 elementor-top-column elementor-element elementor-element-2d212d7\" data-id=\"2d212d7\" data-element_type=\"column\">\n\t\t\t<div class=\"elementor-column-wrap elementor-element-populated\">\n\t\t\t\t\t\t\t<div class=\"elementor-widget-wrap\">\n\t\t\t\t\t\t<div class=\"elementor-element elementor-element-f75c809 elementor-widget elementor-widget-image\" data-id=\"f75c809\" data-element_type=\"widget\" data-widget_type=\"image.default\">\n\t\t\t\t<div class=\"elementor-widget-container\">\n\t\t\t\t\t\t\t\t<div class=\"elementor-image\">\n\t\t\t\t\t\t\t\t\t\t\t\t<img decoding=\"async\" width=\"680\" height=\"489\" src=\"https:\/\/laatomica.com.ar\/wp-content\/uploads\/2026\/03\/banner_columnas_logo_original-1024x736.png\" class=\"attachment-large size-large wp-image-9667\" alt=\"\" loading=\"lazy\" srcset=\"https:\/\/laatomica.com.ar\/wp-content\/uploads\/2026\/03\/banner_columnas_logo_original-1024x736.png 1024w, https:\/\/laatomica.com.ar\/wp-content\/uploads\/2026\/03\/banner_columnas_logo_original-300x216.png 300w, https:\/\/laatomica.com.ar\/wp-content\/uploads\/2026\/03\/banner_columnas_logo_original-768x552.png 768w, https:\/\/laatomica.com.ar\/wp-content\/uploads\/2026\/03\/banner_columnas_logo_original.png 1251w\" sizes=\"(max-width: 680px) 100vw, 680px\" \/>\t\t\t\t\t\t\t\t\t\t\t\t\t\t<\/div>\n\t\t\t\t\t\t<\/div>\n\t\t\t\t<\/div>\n\t\t\t\t\t\t<\/div>\n\t\t\t\t\t<\/div>\n\t\t<\/div>\n\t\t\t\t<div class=\"elementor-column elementor-col-50 elementor-top-column elementor-element elementor-element-49a0606\" data-id=\"49a0606\" data-element_type=\"column\">\n\t\t\t<div class=\"elementor-column-wrap elementor-element-populated\">\n\t\t\t\t\t\t\t<div class=\"elementor-widget-wrap\">\n\t\t\t\t\t\t<div class=\"elementor-element elementor-element-e7ce66d elementor-widget elementor-widget-image\" data-id=\"e7ce66d\" data-element_type=\"widget\" data-widget_type=\"image.default\">\n\t\t\t\t<div class=\"elementor-widget-container\">\n\t\t\t\t\t\t\t\t<div class=\"elementor-image\">\n\t\t\t\t\t\t\t\t\t\t\t\t<img decoding=\"async\" width=\"680\" height=\"1020\" src=\"https:\/\/laatomica.com.ar\/wp-content\/uploads\/2026\/03\/Folleto-Columnas-de-Alumbrado-683x1024.jpg\" class=\"attachment-large size-large wp-image-9753\" alt=\"\" loading=\"lazy\" srcset=\"https:\/\/laatomica.com.ar\/wp-content\/uploads\/2026\/03\/Folleto-Columnas-de-Alumbrado-683x1024.jpg 683w, https:\/\/laatomica.com.ar\/wp-content\/uploads\/2026\/03\/Folleto-Columnas-de-Alumbrado-200x300.jpg 200w, https:\/\/laatomica.com.ar\/wp-content\/uploads\/2026\/03\/Folleto-Columnas-de-Alumbrado-768x1152.jpg 768w, https:\/\/laatomica.com.ar\/wp-content\/uploads\/2026\/03\/Folleto-Columnas-de-Alumbrado.jpg 1024w\" sizes=\"(max-width: 680px) 100vw, 680px\" \/>\t\t\t\t\t\t\t\t\t\t\t\t\t\t<\/div>\n\t\t\t\t\t\t<\/div>\n\t\t\t\t<\/div>\n\t\t\t\t\t\t<\/div>\n\t\t\t\t\t<\/div>\n\t\t<\/div>\n\t\t\t\t\t\t\t\t<\/div>\n\t\t\t\t\t<\/div>\n\t\t<\/section>\n\t\t\t\t<section class=\"elementor-section elementor-top-section elementor-element elementor-element-cbac4b6 elementor-section-full_width elementor-section-stretched elementor-section-height-default elementor-section-height-default\" data-id=\"cbac4b6\" data-element_type=\"section\" data-settings=\"{&quot;stretch_section&quot;:&quot;section-stretched&quot;}\">\n\t\t\t\t\t\t<div class=\"elementor-container elementor-column-gap-default\">\n\t\t\t\t\t\t\t<div class=\"elementor-row\">\n\t\t\t\t\t<div class=\"elementor-column elementor-col-100 elementor-top-column elementor-element elementor-element-f58653d\" data-id=\"f58653d\" data-element_type=\"column\">\n\t\t\t<div class=\"elementor-column-wrap elementor-element-populated\">\n\t\t\t\t\t\t\t<div class=\"elementor-widget-wrap\">\n\t\t\t\t\t\t<div class=\"elementor-element elementor-element-6bae5da elementor-widget-divider--view-line elementor-widget elementor-widget-divider\" data-id=\"6bae5da\" data-element_type=\"widget\" data-widget_type=\"divider.default\">\n\t\t\t\t<div class=\"elementor-widget-container\">\n\t\t\t\t\t<div class=\"elementor-divider\">\n\t\t\t<span class=\"elementor-divider-separator\">\n\t\t\t\t\t\t<\/span>\n\t\t<\/div>\n\t\t\t\t<\/div>\n\t\t\t\t<\/div>\n\t\t\t\t\t\t<\/div>\n\t\t\t\t\t<\/div>\n\t\t<\/div>\n\t\t\t\t\t\t\t\t<\/div>\n\t\t\t\t\t<\/div>\n\t\t<\/section>\n\t\t\t\t<section class=\"elementor-section elementor-top-section elementor-element elementor-element-635f2e9 elementor-section-full_width elementor-section-height-default elementor-section-height-default\" data-id=\"635f2e9\" data-element_type=\"section\">\n\t\t\t\t\t\t<div class=\"elementor-container elementor-column-gap-default\">\n\t\t\t\t\t\t\t<div class=\"elementor-row\">\n\t\t\t\t\t<div class=\"elementor-column elementor-col-100 elementor-top-column elementor-element elementor-element-f253b03\" data-id=\"f253b03\" data-element_type=\"column\">\n\t\t\t<div class=\"elementor-column-wrap elementor-element-populated\">\n\t\t\t\t\t\t\t<div class=\"elementor-widget-wrap\">\n\t\t\t\t\t\t<div class=\"elementor-element elementor-element-eb275cc elementor-widget elementor-widget-heading\" data-id=\"eb275cc\" data-element_type=\"widget\" data-widget_type=\"heading.default\">\n\t\t\t\t<div class=\"elementor-widget-container\">\n\t\t\t<h2 class=\"elementor-heading-title elementor-size-default\">Tolvas industriales a medida<\/h2>\t\t<\/div>\n\t\t\t\t<\/div>\n\t\t\t\t\t\t<\/div>\n\t\t\t\t\t<\/div>\n\t\t<\/div>\n\t\t\t\t\t\t\t\t<\/div>\n\t\t\t\t\t<\/div>\n\t\t<\/section>\n\t\t\t\t<section class=\"elementor-section elementor-top-section elementor-element elementor-element-63107a0 elementor-section-full_width elementor-section-stretched elementor-section-height-default elementor-section-height-default\" data-id=\"63107a0\" data-element_type=\"section\" data-settings=\"{&quot;stretch_section&quot;:&quot;section-stretched&quot;}\">\n\t\t\t\t\t\t<div class=\"elementor-container elementor-column-gap-default\">\n\t\t\t\t\t\t\t<div class=\"elementor-row\">\n\t\t\t\t\t<div class=\"elementor-column elementor-col-50 elementor-top-column elementor-element elementor-element-c17b4a2\" data-id=\"c17b4a2\" data-element_type=\"column\">\n\t\t\t<div class=\"elementor-column-wrap elementor-element-populated\">\n\t\t\t\t\t\t\t<div class=\"elementor-widget-wrap\">\n\t\t\t\t\t\t<div class=\"elementor-element elementor-element-8d0c4df elementor-widget elementor-widget-text-editor\" data-id=\"8d0c4df\" data-element_type=\"widget\" data-widget_type=\"text-editor.default\">\n\t\t\t\t<div class=\"elementor-widget-container\">\n\t\t\t\t\t\t\t\t<div class=\"elementor-text-editor elementor-clearfix\">\n\t\t\t\t<p class=\"p1\">Fabricamos <span class=\"s1\"><b>tolvas met\u00e1licas a medida<\/b><\/span> para aplicaciones industriales, dise\u00f1adas para ofrecer <span class=\"s1\"><b>resistencia, funcionalidad y durabilidad<\/b><\/span>. Desarrollamos cada pieza seg\u00fan los requerimientos de operaci\u00f3n, adapt\u00e1ndonos a distintas capacidades, usos y condiciones de trabajo.<\/p><p class=\"p1\">En La At\u00f3mica, combinamos experiencia metal\u00fargica y fabricaci\u00f3n de calidad para brindar soluciones confiables, pensadas para integrarse eficientemente a cada proceso productivo.<\/p>\t\t\t\t\t<\/div>\n\t\t\t\t\t\t<\/div>\n\t\t\t\t<\/div>\n\t\t\t\t\t\t<\/div>\n\t\t\t\t\t<\/div>\n\t\t<\/div>\n\t\t\t\t<div class=\"elementor-column elementor-col-50 elementor-top-column elementor-element elementor-element-a59983c\" data-id=\"a59983c\" data-element_type=\"column\">\n\t\t\t<div class=\"elementor-column-wrap elementor-element-populated\">\n\t\t\t\t\t\t\t<div class=\"elementor-widget-wrap\">\n\t\t\t\t\t\t<div class=\"elementor-element elementor-element-3f1420e elementor-widget elementor-widget-image\" data-id=\"3f1420e\" data-element_type=\"widget\" data-widget_type=\"image.default\">\n\t\t\t\t<div class=\"elementor-widget-container\">\n\t\t\t\t\t\t\t\t<div class=\"elementor-image\">\n\t\t\t\t\t\t\t\t\t\t\t\t<img decoding=\"async\" width=\"680\" height=\"454\" src=\"https:\/\/laatomica.com.ar\/wp-content\/uploads\/2026\/03\/Tolvas-1024x683.jpg\" class=\"attachment-large size-large wp-image-9672\" alt=\"\" loading=\"lazy\" srcset=\"https:\/\/laatomica.com.ar\/wp-content\/uploads\/2026\/03\/Tolvas-1024x683.jpg 1024w, https:\/\/laatomica.com.ar\/wp-content\/uploads\/2026\/03\/Tolvas-300x200.jpg 300w, https:\/\/laatomica.com.ar\/wp-content\/uploads\/2026\/03\/Tolvas-768x512.jpg 768w, https:\/\/laatomica.com.ar\/wp-content\/uploads\/2026\/03\/Tolvas.jpg 1536w\" sizes=\"(max-width: 680px) 100vw, 680px\" \/>\t\t\t\t\t\t\t\t\t\t\t\t\t\t<\/div>\n\t\t\t\t\t\t<\/div>\n\t\t\t\t<\/div>\n\t\t\t\t\t\t<\/div>\n\t\t\t\t\t<\/div>\n\t\t<\/div>\n\t\t\t\t\t\t\t\t<\/div>\n\t\t\t\t\t<\/div>\n\t\t<\/section>\n\t\t\t\t\t\t\t\t\t<\/div>\n\t\t\t<\/div>\n\t\t\t\t\t<\/div>\n\t\t","protected":false},"excerpt":{"rendered":"<p>Nuestra trayectoria y la capacitaci\u00f3n continua de nuestro equipo nos permiten desarrollar nuevos productos e incursionar en nuevos rubros metal\u00fargicos. En ese camino, hemos incorporado una nueva l\u00ednea de producci\u00f3n destinada a productos especiales. Columnas de alumbrado a medida Tolvas industriales a medida Fabricamos tolvas met\u00e1licas a medida para aplicaciones industriales, dise\u00f1adas para ofrecer resistencia, [&hellip;]<\/p>\n","protected":false},"author":1,"featured_media":0,"parent":0,"menu_order":0,"comment_status":"closed","ping_status":"closed","template":"","meta":[],"_links":{"self":[{"href":"https:\/\/laatomica.com.ar\/index.php\/wp-json\/wp\/v2\/pages\/9038"}],"collection":[{"href":"https:\/\/laatomica.com.ar\/index.php\/wp-json\/wp\/v2\/pages"}],"about":[{"href":"https:\/\/laatomica.com.ar\/index.php\/wp-json\/wp\/v2\/types\/page"}],"author":[{"embeddable":true,"href":"https:\/\/laatomica.com.ar\/index.php\/wp-json\/wp\/v2\/users\/1"}],"replies":[{"embeddable":true,"href":"https:\/\/laatomica.com.ar\/index.php\/wp-json\/wp\/v2\/comments?post=9038"}],"version-history":[{"count":31,"href":"https:\/\/laatomica.com.ar\/index.php\/wp-json\/wp\/v2\/pages\/9038\/revisions"}],"predecessor-version":[{"id":9762,"href":"https:\/\/laatomica.com.ar\/index.php\/wp-json\/wp\/v2\/pages\/9038\/revisions\/9762"}],"wp:attachment":[{"href":"https:\/\/laatomica.com.ar\/index.php\/wp-json\/wp\/v2\/media?parent=9038"}],"curies":[{"name":"wp","href":"https:\/\/api.w.org\/{rel}","templated":true}]}}