{"id":9073,"date":"2018-07-07T18:19:16","date_gmt":"2018-07-07T18:19:16","guid":{"rendered":"https:\/\/laatomica.com.ar\/?page_id=9073"},"modified":"2026-03-24T11:32:09","modified_gmt":"2026-03-24T14:32:09","slug":"carrocerias-para-camiones","status":"publish","type":"page","link":"https:\/\/laatomica.com.ar\/index.php\/carrocerias-para-camiones\/","title":{"rendered":"Carrocer\u00edas para camiones"},"content":{"rendered":"\t\t<div data-elementor-type=\"wp-page\" data-elementor-id=\"9073\" class=\"elementor elementor-9073\">\n\t\t\t\t\t\t<div class=\"elementor-inner\">\n\t\t\t\t<div class=\"elementor-section-wrap\">\n\t\t\t\t\t\t\t\t\t<section class=\"elementor-section elementor-top-section elementor-element elementor-element-31870362 elementor-section-boxed elementor-section-height-default elementor-section-height-default\" data-id=\"31870362\" data-element_type=\"section\">\n\t\t\t\t\t\t<div class=\"elementor-container elementor-column-gap-default\">\n\t\t\t\t\t\t\t<div class=\"elementor-row\">\n\t\t\t\t\t<div class=\"elementor-column elementor-col-100 elementor-top-column elementor-element elementor-element-7d7b4b8f\" data-id=\"7d7b4b8f\" data-element_type=\"column\">\n\t\t\t<div class=\"elementor-column-wrap elementor-element-populated\">\n\t\t\t\t\t\t\t<div class=\"elementor-widget-wrap\">\n\t\t\t\t\t\t<div class=\"elementor-element elementor-element-553fc9f8 elementor-widget elementor-widget-text-editor\" data-id=\"553fc9f8\" data-element_type=\"widget\" data-widget_type=\"text-editor.default\">\n\t\t\t\t<div class=\"elementor-widget-container\">\n\t\t\t\t\t\t\t\t<div class=\"elementor-text-editor elementor-clearfix\">\n\t\t\t\t<p class=\"p1\">En La At\u00f3mica nos especializamos en el desarrollo de carrozados a medida, dise\u00f1ados para responder a las necesidades espec\u00edficas de cada cliente.<\/p><p class=\"p1\">Ofrecemos la posibilidad de elegir el tipo de carrozado, el color y los detalles de dise\u00f1o, combinando funcionalidad, seguridad y est\u00e9tica en cada proyecto.<\/p><p class=\"p1\">Nuestros carrozados se adaptan a la plataforma que usted seleccione, garantizando soluciones confiables, resistentes y de excelente terminaci\u00f3n.<\/p><p class=\"p1\">Valoramos la confianza de nuestros clientes y asumimos el compromiso de brindar productos duraderos, de alta calidad y pensados para acompa\u00f1ar las exigencias del transporte actual.<\/p>\t\t\t\t\t<\/div>\n\t\t\t\t\t\t<\/div>\n\t\t\t\t<\/div>\n\t\t\t\t\t\t<\/div>\n\t\t\t\t\t<\/div>\n\t\t<\/div>\n\t\t\t\t\t\t\t\t<\/div>\n\t\t\t\t\t<\/div>\n\t\t<\/section>\n\t\t\t\t<section class=\"elementor-section elementor-top-section elementor-element elementor-element-8d1f893 elementor-section-boxed elementor-section-height-default elementor-section-height-default\" data-id=\"8d1f893\" data-element_type=\"section\">\n\t\t\t\t\t\t<div class=\"elementor-container elementor-column-gap-default\">\n\t\t\t\t\t\t\t<div class=\"elementor-row\">\n\t\t\t\t\t<div class=\"elementor-column elementor-col-100 elementor-top-column elementor-element elementor-element-274e1ce\" data-id=\"274e1ce\" data-element_type=\"column\">\n\t\t\t<div class=\"elementor-column-wrap elementor-element-populated\">\n\t\t\t\t\t\t\t<div class=\"elementor-widget-wrap\">\n\t\t\t\t\t\t<div class=\"elementor-element elementor-element-d29f42d elementor-widget elementor-widget-heading\" data-id=\"d29f42d\" data-element_type=\"widget\" data-widget_type=\"heading.default\">\n\t\t\t\t<div class=\"elementor-widget-container\">\n\t\t\t<h2 class=\"elementor-heading-title elementor-size-default\">Paquetera<\/h2>\t\t<\/div>\n\t\t\t\t<\/div>\n\t\t\t\t\t\t<\/div>\n\t\t\t\t\t<\/div>\n\t\t<\/div>\n\t\t\t\t\t\t\t\t<\/div>\n\t\t\t\t\t<\/div>\n\t\t<\/section>\n\t\t\t\t<section class=\"elementor-section elementor-top-section elementor-element elementor-element-1f5fbfa elementor-section-boxed elementor-section-height-default elementor-section-height-default\" data-id=\"1f5fbfa\" data-element_type=\"section\">\n\t\t\t\t\t\t<div class=\"elementor-container elementor-column-gap-default\">\n\t\t\t\t\t\t\t<div class=\"elementor-row\">\n\t\t\t\t\t<div class=\"elementor-column elementor-col-100 elementor-top-column elementor-element elementor-element-27f2e5c\" data-id=\"27f2e5c\" data-element_type=\"column\">\n\t\t\t<div class=\"elementor-column-wrap elementor-element-populated\">\n\t\t\t\t\t\t\t<div class=\"elementor-widget-wrap\">\n\t\t\t\t\t\t<div class=\"elementor-element elementor-element-8a8bc78 elementor-widget elementor-widget-image\" data-id=\"8a8bc78\" data-element_type=\"widget\" data-widget_type=\"image.default\">\n\t\t\t\t<div class=\"elementor-widget-container\">\n\t\t\t\t\t\t\t\t<div class=\"elementor-image\">\n\t\t\t\t\t\t\t\t\t\t\t\t<img decoding=\"async\" width=\"680\" height=\"454\" src=\"https:\/\/laatomica.com.ar\/wp-content\/uploads\/2026\/03\/paquetera06-1024x683.jpg\" class=\"attachment-large size-large wp-image-9623\" alt=\"\" loading=\"lazy\" srcset=\"https:\/\/laatomica.com.ar\/wp-content\/uploads\/2026\/03\/paquetera06-1024x683.jpg 1024w, https:\/\/laatomica.com.ar\/wp-content\/uploads\/2026\/03\/paquetera06-e1773863542511-300x200.jpg 300w, https:\/\/laatomica.com.ar\/wp-content\/uploads\/2026\/03\/paquetera06-e1773863542511-768x512.jpg 768w, https:\/\/laatomica.com.ar\/wp-content\/uploads\/2026\/03\/paquetera06-e1773863542511.jpg 990w\" sizes=\"(max-width: 680px) 100vw, 680px\" \/>\t\t\t\t\t\t\t\t\t\t\t\t\t\t<\/div>\n\t\t\t\t\t\t<\/div>\n\t\t\t\t<\/div>\n\t\t\t\t\t\t<\/div>\n\t\t\t\t\t<\/div>\n\t\t<\/div>\n\t\t\t\t\t\t\t\t<\/div>\n\t\t\t\t\t<\/div>\n\t\t<\/section>\n\t\t\t\t<section class=\"elementor-section elementor-top-section elementor-element elementor-element-3535f01 elementor-section-boxed elementor-section-height-default elementor-section-height-default\" data-id=\"3535f01\" data-element_type=\"section\">\n\t\t\t\t\t\t<div class=\"elementor-container elementor-column-gap-default\">\n\t\t\t\t\t\t\t<div class=\"elementor-row\">\n\t\t\t\t\t<div class=\"elementor-column elementor-col-100 elementor-top-column elementor-element elementor-element-a85b17a\" data-id=\"a85b17a\" data-element_type=\"column\">\n\t\t\t<div class=\"elementor-column-wrap elementor-element-populated\">\n\t\t\t\t\t\t\t<div class=\"elementor-widget-wrap\">\n\t\t\t\t\t\t<div class=\"elementor-element elementor-element-e20e43b elementor-widget elementor-widget-heading\" data-id=\"e20e43b\" data-element_type=\"widget\" data-widget_type=\"heading.default\">\n\t\t\t\t<div class=\"elementor-widget-container\">\n\t\t\t<h2 class=\"elementor-heading-title elementor-size-default\">Baranda volcable<\/h2>\t\t<\/div>\n\t\t\t\t<\/div>\n\t\t\t\t\t\t<\/div>\n\t\t\t\t\t<\/div>\n\t\t<\/div>\n\t\t\t\t\t\t\t\t<\/div>\n\t\t\t\t\t<\/div>\n\t\t<\/section>\n\t\t\t\t<section class=\"elementor-section elementor-top-section elementor-element elementor-element-64be51b elementor-section-boxed elementor-section-height-default elementor-section-height-default\" data-id=\"64be51b\" data-element_type=\"section\">\n\t\t\t\t\t\t<div class=\"elementor-container elementor-column-gap-default\">\n\t\t\t\t\t\t\t<div class=\"elementor-row\">\n\t\t\t\t\t<div class=\"elementor-column elementor-col-100 elementor-top-column elementor-element elementor-element-1540dd4\" data-id=\"1540dd4\" data-element_type=\"column\">\n\t\t\t<div class=\"elementor-column-wrap elementor-element-populated\">\n\t\t\t\t\t\t\t<div class=\"elementor-widget-wrap\">\n\t\t\t\t\t\t<div class=\"elementor-element elementor-element-ac0539a elementor-widget elementor-widget-image\" data-id=\"ac0539a\" data-element_type=\"widget\" data-widget_type=\"image.default\">\n\t\t\t\t<div class=\"elementor-widget-container\">\n\t\t\t\t\t\t\t\t<div class=\"elementor-image\">\n\t\t\t\t\t\t\t\t\t\t\t\t<img decoding=\"async\" width=\"680\" height=\"454\" src=\"https:\/\/laatomica.com.ar\/wp-content\/uploads\/2026\/03\/BarandaVolcable-1024x683.jpg\" class=\"attachment-large size-large wp-image-9709\" alt=\"\" loading=\"lazy\" srcset=\"https:\/\/laatomica.com.ar\/wp-content\/uploads\/2026\/03\/BarandaVolcable-1024x683.jpg 1024w, https:\/\/laatomica.com.ar\/wp-content\/uploads\/2026\/03\/BarandaVolcable-300x200.jpg 300w, https:\/\/laatomica.com.ar\/wp-content\/uploads\/2026\/03\/BarandaVolcable-768x512.jpg 768w, https:\/\/laatomica.com.ar\/wp-content\/uploads\/2026\/03\/BarandaVolcable.jpg 1536w\" sizes=\"(max-width: 680px) 100vw, 680px\" \/>\t\t\t\t\t\t\t\t\t\t\t\t\t\t<\/div>\n\t\t\t\t\t\t<\/div>\n\t\t\t\t<\/div>\n\t\t\t\t\t\t<\/div>\n\t\t\t\t\t<\/div>\n\t\t<\/div>\n\t\t\t\t\t\t\t\t<\/div>\n\t\t\t\t\t<\/div>\n\t\t<\/section>\n\t\t\t\t<section class=\"elementor-section elementor-top-section elementor-element elementor-element-6cc32ee elementor-section-boxed elementor-section-height-default elementor-section-height-default\" data-id=\"6cc32ee\" data-element_type=\"section\">\n\t\t\t\t\t\t<div class=\"elementor-container elementor-column-gap-default\">\n\t\t\t\t\t\t\t<div class=\"elementor-row\">\n\t\t\t\t\t<div class=\"elementor-column elementor-col-100 elementor-top-column elementor-element elementor-element-2b464ce\" data-id=\"2b464ce\" data-element_type=\"column\">\n\t\t\t<div class=\"elementor-column-wrap elementor-element-populated\">\n\t\t\t\t\t\t\t<div class=\"elementor-widget-wrap\">\n\t\t\t\t\t\t<div class=\"elementor-element elementor-element-f7d8f6a elementor-arrows-position-inside elementor-pagination-position-outside elementor-widget elementor-widget-image-carousel\" data-id=\"f7d8f6a\" data-element_type=\"widget\" data-settings=\"{&quot;navigation&quot;:&quot;both&quot;,&quot;autoplay&quot;:&quot;yes&quot;,&quot;pause_on_hover&quot;:&quot;yes&quot;,&quot;pause_on_interaction&quot;:&quot;yes&quot;,&quot;autoplay_speed&quot;:5000,&quot;infinite&quot;:&quot;yes&quot;,&quot;speed&quot;:500}\" data-widget_type=\"image-carousel.default\">\n\t\t\t\t<div class=\"elementor-widget-container\">\n\t\t\t\t\t<div class=\"elementor-image-carousel-wrapper swiper-container\" dir=\"ltr\">\n\t\t\t<div class=\"elementor-image-carousel swiper-wrapper\">\n\t\t\t\t\t\t\t\t<div class=\"swiper-slide\"><figure class=\"swiper-slide-inner\"><img decoding=\"async\" class=\"swiper-slide-image\" src=\"https:\/\/laatomica.com.ar\/wp-content\/uploads\/2023\/05\/Baranda_volcable30-150x150.jpg\" alt=\"Camiones\" \/><\/figure><\/div><div class=\"swiper-slide\"><figure class=\"swiper-slide-inner\"><img decoding=\"async\" class=\"swiper-slide-image\" src=\"https:\/\/laatomica.com.ar\/wp-content\/uploads\/2023\/05\/Slider-2-Unidad-carrozada-completas-150x150.jpg\" alt=\"Slider 2 - Unidad carrozada completas\" \/><\/figure><\/div><div class=\"swiper-slide\"><figure class=\"swiper-slide-inner\"><img decoding=\"async\" class=\"swiper-slide-image\" src=\"https:\/\/laatomica.com.ar\/wp-content\/uploads\/2018\/07\/Carroceria_barandas_volcables5-150x150.jpg\" alt=\"Baranda volcable\" \/><\/figure><\/div><div class=\"swiper-slide\"><figure class=\"swiper-slide-inner\"><img decoding=\"async\" class=\"swiper-slide-image\" src=\"https:\/\/laatomica.com.ar\/wp-content\/uploads\/2018\/07\/Baranda_volcable32-150x150.png\" alt=\"Baranda volcable\" \/><\/figure><\/div><div class=\"swiper-slide\"><figure class=\"swiper-slide-inner\"><img decoding=\"async\" class=\"swiper-slide-image\" src=\"https:\/\/laatomica.com.ar\/wp-content\/uploads\/2018\/07\/Baranda_volcable34-150x150.png\" alt=\"Baranda volcable\" \/><\/figure><\/div><div class=\"swiper-slide\"><figure class=\"swiper-slide-inner\"><img decoding=\"async\" class=\"swiper-slide-image\" src=\"https:\/\/laatomica.com.ar\/wp-content\/uploads\/2018\/07\/Baranda_volcable35-150x150.png\" alt=\"Baranda volcable\" \/><\/figure><\/div><div class=\"swiper-slide\"><figure class=\"swiper-slide-inner\"><img decoding=\"async\" class=\"swiper-slide-image\" src=\"https:\/\/laatomica.com.ar\/wp-content\/uploads\/2018\/07\/Baranda_volcable31-150x150.png\" alt=\"Baranda volcable\" \/><\/figure><\/div><div class=\"swiper-slide\"><figure class=\"swiper-slide-inner\"><img decoding=\"async\" class=\"swiper-slide-image\" src=\"https:\/\/laatomica.com.ar\/wp-content\/uploads\/2018\/07\/Baranda_volcable28-150x150.png\" alt=\"Baranda volcable\" \/><\/figure><\/div><div class=\"swiper-slide\"><figure class=\"swiper-slide-inner\"><img decoding=\"async\" class=\"swiper-slide-image\" src=\"https:\/\/laatomica.com.ar\/wp-content\/uploads\/2018\/07\/Baranda_volcable20-150x150.png\" alt=\"Baranda volcable\" \/><\/figure><\/div><div class=\"swiper-slide\"><figure class=\"swiper-slide-inner\"><img decoding=\"async\" class=\"swiper-slide-image\" src=\"https:\/\/laatomica.com.ar\/wp-content\/uploads\/2018\/07\/Baranda_volcable22-150x150.png\" alt=\"Baranda volcable\" \/><\/figure><\/div><div class=\"swiper-slide\"><figure class=\"swiper-slide-inner\"><img decoding=\"async\" class=\"swiper-slide-image\" src=\"https:\/\/laatomica.com.ar\/wp-content\/uploads\/2018\/07\/Baranda_volcable14-150x150.png\" alt=\"Baranda volcable\" \/><\/figure><\/div><div class=\"swiper-slide\"><figure class=\"swiper-slide-inner\"><img decoding=\"async\" class=\"swiper-slide-image\" src=\"https:\/\/laatomica.com.ar\/wp-content\/uploads\/2018\/07\/Baranda_volcable16-150x150.png\" alt=\"Baranda volcable\" \/><\/figure><\/div><div class=\"swiper-slide\"><figure class=\"swiper-slide-inner\"><img decoding=\"async\" class=\"swiper-slide-image\" src=\"https:\/\/laatomica.com.ar\/wp-content\/uploads\/2018\/07\/Baranda_volcable13-150x150.png\" alt=\"Baranda volcable\" \/><\/figure><\/div><div class=\"swiper-slide\"><figure class=\"swiper-slide-inner\"><img decoding=\"async\" class=\"swiper-slide-image\" src=\"https:\/\/laatomica.com.ar\/wp-content\/uploads\/2018\/07\/Baranda_volcable12-150x150.png\" alt=\"Baranda volcable\" \/><\/figure><\/div><div class=\"swiper-slide\"><figure class=\"swiper-slide-inner\"><img decoding=\"async\" class=\"swiper-slide-image\" src=\"https:\/\/laatomica.com.ar\/wp-content\/uploads\/2018\/07\/Baranda_volcable11-150x150.png\" alt=\"Baranda volcable\" \/><\/figure><\/div><div class=\"swiper-slide\"><figure class=\"swiper-slide-inner\"><img decoding=\"async\" class=\"swiper-slide-image\" src=\"https:\/\/laatomica.com.ar\/wp-content\/uploads\/2018\/07\/Baranda_volcable10-150x150.png\" alt=\"Baranda volcable\" \/><\/figure><\/div><div class=\"swiper-slide\"><figure class=\"swiper-slide-inner\"><img decoding=\"async\" class=\"swiper-slide-image\" src=\"https:\/\/laatomica.com.ar\/wp-content\/uploads\/2018\/07\/Baranda_volcable9-150x150.png\" alt=\"Baranda volcable\" \/><\/figure><\/div>\t\t\t<\/div>\n\t\t\t\t\t\t\t\t\t\t\t\t<div class=\"swiper-pagination\"><\/div>\n\t\t\t\t\t\t\t\t\t\t\t\t\t<div class=\"elementor-swiper-button elementor-swiper-button-prev\" role=\"button\" tabindex=\"0\">\n\t\t\t\t\t\t<i aria-hidden=\"true\" class=\"eicon-chevron-left\"><\/i>\t\t\t\t\t\t<span class=\"elementor-screen-only\">Imagen anterior<\/span>\n\t\t\t\t\t<\/div>\n\t\t\t\t\t<div class=\"elementor-swiper-button elementor-swiper-button-next\" role=\"button\" tabindex=\"0\">\n\t\t\t\t\t\t<i aria-hidden=\"true\" class=\"eicon-chevron-right\"><\/i>\t\t\t\t\t\t<span class=\"elementor-screen-only\">Imagen siguiente<\/span>\n\t\t\t\t\t<\/div>\n\t\t\t\t\t\t\t\t\t<\/div>\n\t\t\t\t<\/div>\n\t\t\t\t<\/div>\n\t\t\t\t\t\t<\/div>\n\t\t\t\t\t<\/div>\n\t\t<\/div>\n\t\t\t\t\t\t\t\t<\/div>\n\t\t\t\t\t<\/div>\n\t\t<\/section>\n\t\t\t\t\t\t\t\t\t<\/div>\n\t\t\t<\/div>\n\t\t\t\t\t<\/div>\n\t\t","protected":false},"excerpt":{"rendered":"<p>En La At\u00f3mica nos especializamos en el desarrollo de carrozados a medida, dise\u00f1ados para responder a las necesidades espec\u00edficas de cada cliente. Ofrecemos la posibilidad de elegir el tipo de carrozado, el color y los detalles de dise\u00f1o, combinando funcionalidad, seguridad y est\u00e9tica en cada proyecto. Nuestros carrozados se adaptan a la plataforma que usted [&hellip;]<\/p>\n","protected":false},"author":1,"featured_media":9709,"parent":0,"menu_order":0,"comment_status":"closed","ping_status":"closed","template":"","meta":[],"_links":{"self":[{"href":"https:\/\/laatomica.com.ar\/index.php\/wp-json\/wp\/v2\/pages\/9073"}],"collection":[{"href":"https:\/\/laatomica.com.ar\/index.php\/wp-json\/wp\/v2\/pages"}],"about":[{"href":"https:\/\/laatomica.com.ar\/index.php\/wp-json\/wp\/v2\/types\/page"}],"author":[{"embeddable":true,"href":"https:\/\/laatomica.com.ar\/index.php\/wp-json\/wp\/v2\/users\/1"}],"replies":[{"embeddable":true,"href":"https:\/\/laatomica.com.ar\/index.php\/wp-json\/wp\/v2\/comments?post=9073"}],"version-history":[{"count":22,"href":"https:\/\/laatomica.com.ar\/index.php\/wp-json\/wp\/v2\/pages\/9073\/revisions"}],"predecessor-version":[{"id":9768,"href":"https:\/\/laatomica.com.ar\/index.php\/wp-json\/wp\/v2\/pages\/9073\/revisions\/9768"}],"wp:featuredmedia":[{"embeddable":true,"href":"https:\/\/laatomica.com.ar\/index.php\/wp-json\/wp\/v2\/media\/9709"}],"wp:attachment":[{"href":"https:\/\/laatomica.com.ar\/index.php\/wp-json\/wp\/v2\/media?parent=9073"}],"curies":[{"name":"wp","href":"https:\/\/api.w.org\/{rel}","templated":true}]}}