{"id":9076,"date":"2018-07-07T18:27:53","date_gmt":"2018-07-07T18:27:53","guid":{"rendered":"https:\/\/laatomica.com.ar\/?page_id=9076"},"modified":"2026-03-24T12:44:55","modified_gmt":"2026-03-24T15:44:55","slug":"carrocerias-para-acoplados","status":"publish","type":"page","link":"https:\/\/laatomica.com.ar\/index.php\/carrocerias-para-acoplados\/","title":{"rendered":"Carrocer\u00edas para acoplados"},"content":{"rendered":"\t\t<div data-elementor-type=\"wp-page\" data-elementor-id=\"9076\" class=\"elementor elementor-9076\">\n\t\t\t\t\t\t<div class=\"elementor-inner\">\n\t\t\t\t<div class=\"elementor-section-wrap\">\n\t\t\t\t\t\t\t\t\t<section class=\"elementor-section elementor-top-section elementor-element elementor-element-40faedd9 elementor-section-boxed elementor-section-height-default elementor-section-height-default\" data-id=\"40faedd9\" data-element_type=\"section\">\n\t\t\t\t\t\t<div class=\"elementor-container elementor-column-gap-default\">\n\t\t\t\t\t\t\t<div class=\"elementor-row\">\n\t\t\t\t\t<div class=\"elementor-column elementor-col-100 elementor-top-column elementor-element elementor-element-182ba8f1\" data-id=\"182ba8f1\" data-element_type=\"column\">\n\t\t\t<div class=\"elementor-column-wrap elementor-element-populated\">\n\t\t\t\t\t\t\t<div class=\"elementor-widget-wrap\">\n\t\t\t\t\t\t<div class=\"elementor-element elementor-element-1f072e77 elementor-widget elementor-widget-text-editor\" data-id=\"1f072e77\" data-element_type=\"widget\" data-widget_type=\"text-editor.default\">\n\t\t\t\t<div class=\"elementor-widget-container\">\n\t\t\t\t\t\t\t\t<div class=\"elementor-text-editor elementor-clearfix\">\n\t\t\t\tEn La At\u00f3mica, nos enorgullece ofrecerle carrozados personalizados que se ajustan exactamente a sus necesidades. Le brindamos la libertad de elegir el tipo de carrozado, el color, dise\u00f1os especiales y todo lo necesario para garantizar que su carga sea transportada de manera segura, sin comprometer sus preferencias personales.\r\n\r\nNuestros carrozados se realizan sobre la plataforma de su elecci\u00f3n. Como equipo original, trabajamos en estrecha colaboraci\u00f3n con la reconocida marca internacional Randon, as\u00ed como con otras marcas destacadas.\r\n\r\nA continuaci\u00f3n, le invitamos a explorar una selecci\u00f3n de nuestros impresionantes carrozados que ejemplifican nuestra dedicaci\u00f3n a la calidad y al dise\u00f1o excepcionales.\t\t\t\t\t<\/div>\n\t\t\t\t\t\t<\/div>\n\t\t\t\t<\/div>\n\t\t\t\t\t\t<\/div>\n\t\t\t\t\t<\/div>\n\t\t<\/div>\n\t\t\t\t\t\t\t\t<\/div>\n\t\t\t\t\t<\/div>\n\t\t<\/section>\n\t\t\t\t<section class=\"elementor-section elementor-top-section elementor-element elementor-element-cc2c6e0 elementor-section-boxed elementor-section-height-default elementor-section-height-default\" data-id=\"cc2c6e0\" data-element_type=\"section\">\n\t\t\t\t\t\t<div class=\"elementor-container elementor-column-gap-default\">\n\t\t\t\t\t\t\t<div class=\"elementor-row\">\n\t\t\t\t\t<div class=\"elementor-column elementor-col-100 elementor-top-column elementor-element elementor-element-05cdd46\" data-id=\"05cdd46\" data-element_type=\"column\">\n\t\t\t<div class=\"elementor-column-wrap elementor-element-populated\">\n\t\t\t\t\t\t\t<div class=\"elementor-widget-wrap\">\n\t\t\t\t\t\t<div class=\"elementor-element elementor-element-01ef8b6 elementor-widget elementor-widget-heading\" data-id=\"01ef8b6\" data-element_type=\"widget\" data-widget_type=\"heading.default\">\n\t\t\t\t<div class=\"elementor-widget-container\">\n\t\t\t<h2 class=\"elementor-heading-title elementor-size-default\">Acoplado todo puertas mixto<\/h2>\t\t<\/div>\n\t\t\t\t<\/div>\n\t\t\t\t\t\t<\/div>\n\t\t\t\t\t<\/div>\n\t\t<\/div>\n\t\t\t\t\t\t\t\t<\/div>\n\t\t\t\t\t<\/div>\n\t\t<\/section>\n\t\t\t\t<section class=\"elementor-section elementor-top-section elementor-element elementor-element-6d23ebb elementor-section-boxed elementor-section-height-default elementor-section-height-default\" data-id=\"6d23ebb\" data-element_type=\"section\">\n\t\t\t\t\t\t<div class=\"elementor-container elementor-column-gap-default\">\n\t\t\t\t\t\t\t<div class=\"elementor-row\">\n\t\t\t\t\t<div class=\"elementor-column elementor-col-100 elementor-top-column elementor-element elementor-element-00e1f71\" data-id=\"00e1f71\" data-element_type=\"column\">\n\t\t\t<div class=\"elementor-column-wrap elementor-element-populated\">\n\t\t\t\t\t\t\t<div class=\"elementor-widget-wrap\">\n\t\t\t\t\t\t<div class=\"elementor-element elementor-element-e1e8489 elementor-widget elementor-widget-image\" data-id=\"e1e8489\" data-element_type=\"widget\" data-widget_type=\"image.default\">\n\t\t\t\t<div class=\"elementor-widget-container\">\n\t\t\t\t\t\t\t\t<div class=\"elementor-image\">\n\t\t\t\t\t\t\t\t\t\t\t\t<img decoding=\"async\" width=\"680\" height=\"454\" src=\"https:\/\/laatomica.com.ar\/wp-content\/uploads\/2026\/03\/650w_Acoplado_Randon_todopuertas_mixto_new2-1-1024x683.jpg\" class=\"attachment-large size-large wp-image-9770\" alt=\"\" loading=\"lazy\" srcset=\"https:\/\/laatomica.com.ar\/wp-content\/uploads\/2026\/03\/650w_Acoplado_Randon_todopuertas_mixto_new2-1-1024x683.jpg 1024w, https:\/\/laatomica.com.ar\/wp-content\/uploads\/2026\/03\/650w_Acoplado_Randon_todopuertas_mixto_new2-1-300x200.jpg 300w, https:\/\/laatomica.com.ar\/wp-content\/uploads\/2026\/03\/650w_Acoplado_Randon_todopuertas_mixto_new2-1-768x512.jpg 768w, https:\/\/laatomica.com.ar\/wp-content\/uploads\/2026\/03\/650w_Acoplado_Randon_todopuertas_mixto_new2-1.jpg 1536w\" sizes=\"(max-width: 680px) 100vw, 680px\" \/>\t\t\t\t\t\t\t\t\t\t\t\t\t\t<\/div>\n\t\t\t\t\t\t<\/div>\n\t\t\t\t<\/div>\n\t\t\t\t\t\t<\/div>\n\t\t\t\t\t<\/div>\n\t\t<\/div>\n\t\t\t\t\t\t\t\t<\/div>\n\t\t\t\t\t<\/div>\n\t\t<\/section>\n\t\t\t\t<section class=\"elementor-section elementor-top-section elementor-element elementor-element-570bafe elementor-section-boxed elementor-section-height-default elementor-section-height-default\" data-id=\"570bafe\" data-element_type=\"section\">\n\t\t\t\t\t\t<div class=\"elementor-container elementor-column-gap-default\">\n\t\t\t\t\t\t\t<div class=\"elementor-row\">\n\t\t\t\t\t<div class=\"elementor-column elementor-col-100 elementor-top-column elementor-element elementor-element-52d6af8\" data-id=\"52d6af8\" data-element_type=\"column\">\n\t\t\t<div class=\"elementor-column-wrap elementor-element-populated\">\n\t\t\t\t\t\t\t<div class=\"elementor-widget-wrap\">\n\t\t\t\t\t\t<div class=\"elementor-element elementor-element-7d2d153 elementor-widget elementor-widget-heading\" data-id=\"7d2d153\" data-element_type=\"widget\" data-widget_type=\"heading.default\">\n\t\t\t\t<div class=\"elementor-widget-container\">\n\t\t\t<h2 class=\"elementor-heading-title elementor-size-default\">Acoplado todo puertas<\/h2>\t\t<\/div>\n\t\t\t\t<\/div>\n\t\t\t\t\t\t<\/div>\n\t\t\t\t\t<\/div>\n\t\t<\/div>\n\t\t\t\t\t\t\t\t<\/div>\n\t\t\t\t\t<\/div>\n\t\t<\/section>\n\t\t\t\t<section class=\"elementor-section elementor-top-section elementor-element elementor-element-d8e49ef elementor-section-boxed elementor-section-height-default elementor-section-height-default\" data-id=\"d8e49ef\" data-element_type=\"section\">\n\t\t\t\t\t\t<div class=\"elementor-container elementor-column-gap-default\">\n\t\t\t\t\t\t\t<div class=\"elementor-row\">\n\t\t\t\t\t<div class=\"elementor-column elementor-col-100 elementor-top-column elementor-element elementor-element-36a0b8a\" data-id=\"36a0b8a\" data-element_type=\"column\">\n\t\t\t<div class=\"elementor-column-wrap elementor-element-populated\">\n\t\t\t\t\t\t\t<div class=\"elementor-widget-wrap\">\n\t\t\t\t\t\t<div class=\"elementor-element elementor-element-d30fd50 elementor-widget elementor-widget-image\" data-id=\"d30fd50\" data-element_type=\"widget\" data-widget_type=\"image.default\">\n\t\t\t\t<div class=\"elementor-widget-container\">\n\t\t\t\t\t\t\t\t<div class=\"elementor-image\">\n\t\t\t\t\t\t\t\t\t\t\t\t<img decoding=\"async\" width=\"680\" height=\"454\" src=\"https:\/\/laatomica.com.ar\/wp-content\/uploads\/2026\/03\/Acoplado-Randon-todo-puertas2-1024x683.jpg\" class=\"attachment-large size-large wp-image-9616\" alt=\"\" loading=\"lazy\" srcset=\"https:\/\/laatomica.com.ar\/wp-content\/uploads\/2026\/03\/Acoplado-Randon-todo-puertas2-1024x683.jpg 1024w, https:\/\/laatomica.com.ar\/wp-content\/uploads\/2026\/03\/Acoplado-Randon-todo-puertas2-300x200.jpg 300w, https:\/\/laatomica.com.ar\/wp-content\/uploads\/2026\/03\/Acoplado-Randon-todo-puertas2-768x512.jpg 768w, https:\/\/laatomica.com.ar\/wp-content\/uploads\/2026\/03\/Acoplado-Randon-todo-puertas2.jpg 1536w\" sizes=\"(max-width: 680px) 100vw, 680px\" \/>\t\t\t\t\t\t\t\t\t\t\t\t\t\t<\/div>\n\t\t\t\t\t\t<\/div>\n\t\t\t\t<\/div>\n\t\t\t\t\t\t<\/div>\n\t\t\t\t\t<\/div>\n\t\t<\/div>\n\t\t\t\t\t\t\t\t<\/div>\n\t\t\t\t\t<\/div>\n\t\t<\/section>\n\t\t\t\t<section class=\"elementor-section elementor-top-section elementor-element elementor-element-c28eb1f elementor-section-boxed elementor-section-height-default elementor-section-height-default\" data-id=\"c28eb1f\" data-element_type=\"section\">\n\t\t\t\t\t\t<div class=\"elementor-container elementor-column-gap-default\">\n\t\t\t\t\t\t\t<div class=\"elementor-row\">\n\t\t\t\t\t<div class=\"elementor-column elementor-col-100 elementor-top-column elementor-element elementor-element-eed4256\" data-id=\"eed4256\" data-element_type=\"column\">\n\t\t\t<div class=\"elementor-column-wrap elementor-element-populated\">\n\t\t\t\t\t\t\t<div class=\"elementor-widget-wrap\">\n\t\t\t\t\t\t<div class=\"elementor-element elementor-element-80e36cc elementor-widget elementor-widget-heading\" data-id=\"80e36cc\" data-element_type=\"widget\" data-widget_type=\"heading.default\">\n\t\t\t\t<div class=\"elementor-widget-container\">\n\t\t\t<h2 class=\"elementor-heading-title elementor-size-default\">Acoplado barandas volcables mixta<\/h2>\t\t<\/div>\n\t\t\t\t<\/div>\n\t\t\t\t\t\t<\/div>\n\t\t\t\t\t<\/div>\n\t\t<\/div>\n\t\t\t\t\t\t\t\t<\/div>\n\t\t\t\t\t<\/div>\n\t\t<\/section>\n\t\t\t\t<section class=\"elementor-section elementor-top-section elementor-element elementor-element-152c642 elementor-section-boxed elementor-section-height-default elementor-section-height-default\" data-id=\"152c642\" data-element_type=\"section\">\n\t\t\t\t\t\t<div class=\"elementor-container elementor-column-gap-default\">\n\t\t\t\t\t\t\t<div class=\"elementor-row\">\n\t\t\t\t\t<div class=\"elementor-column elementor-col-100 elementor-top-column elementor-element elementor-element-bd3b9e7\" data-id=\"bd3b9e7\" data-element_type=\"column\">\n\t\t\t<div class=\"elementor-column-wrap elementor-element-populated\">\n\t\t\t\t\t\t\t<div class=\"elementor-widget-wrap\">\n\t\t\t\t\t\t<div class=\"elementor-element elementor-element-f1933fb elementor-widget elementor-widget-image\" data-id=\"f1933fb\" data-element_type=\"widget\" data-widget_type=\"image.default\">\n\t\t\t\t<div class=\"elementor-widget-container\">\n\t\t\t\t\t\t\t\t<div class=\"elementor-image\">\n\t\t\t\t\t\t\t\t\t\t\t\t<img decoding=\"async\" width=\"680\" height=\"203\" src=\"https:\/\/laatomica.com.ar\/wp-content\/uploads\/2018\/07\/Acoplado_barandas_volcables_mixto-1024x305.png\" class=\"attachment-large size-large wp-image-9192\" alt=\"\" loading=\"lazy\" srcset=\"https:\/\/laatomica.com.ar\/wp-content\/uploads\/2018\/07\/Acoplado_barandas_volcables_mixto-1024x305.png 1024w, https:\/\/laatomica.com.ar\/wp-content\/uploads\/2018\/07\/Acoplado_barandas_volcables_mixto-300x89.png 300w, https:\/\/laatomica.com.ar\/wp-content\/uploads\/2018\/07\/Acoplado_barandas_volcables_mixto-768x229.png 768w, https:\/\/laatomica.com.ar\/wp-content\/uploads\/2018\/07\/Acoplado_barandas_volcables_mixto.png 1300w\" sizes=\"(max-width: 680px) 100vw, 680px\" \/>\t\t\t\t\t\t\t\t\t\t\t\t\t\t<\/div>\n\t\t\t\t\t\t<\/div>\n\t\t\t\t<\/div>\n\t\t\t\t\t\t<\/div>\n\t\t\t\t\t<\/div>\n\t\t<\/div>\n\t\t\t\t\t\t\t\t<\/div>\n\t\t\t\t\t<\/div>\n\t\t<\/section>\n\t\t\t\t<section class=\"elementor-section elementor-top-section elementor-element elementor-element-604d9bc elementor-section-boxed elementor-section-height-default elementor-section-height-default\" data-id=\"604d9bc\" data-element_type=\"section\">\n\t\t\t\t\t\t<div class=\"elementor-container elementor-column-gap-default\">\n\t\t\t\t\t\t\t<div class=\"elementor-row\">\n\t\t\t\t\t<div class=\"elementor-column elementor-col-100 elementor-top-column elementor-element elementor-element-3059a1b\" data-id=\"3059a1b\" data-element_type=\"column\">\n\t\t\t<div class=\"elementor-column-wrap elementor-element-populated\">\n\t\t\t\t\t\t\t<div class=\"elementor-widget-wrap\">\n\t\t\t\t\t\t<div class=\"elementor-element elementor-element-61d6c9f elementor-arrows-position-inside elementor-pagination-position-outside elementor-widget elementor-widget-image-carousel\" data-id=\"61d6c9f\" data-element_type=\"widget\" data-settings=\"{&quot;navigation&quot;:&quot;both&quot;,&quot;autoplay&quot;:&quot;yes&quot;,&quot;pause_on_hover&quot;:&quot;yes&quot;,&quot;pause_on_interaction&quot;:&quot;yes&quot;,&quot;autoplay_speed&quot;:5000,&quot;infinite&quot;:&quot;yes&quot;,&quot;speed&quot;:500}\" data-widget_type=\"image-carousel.default\">\n\t\t\t\t<div class=\"elementor-widget-container\">\n\t\t\t\t\t<div class=\"elementor-image-carousel-wrapper swiper-container\" dir=\"ltr\">\n\t\t\t<div class=\"elementor-image-carousel swiper-wrapper\">\n\t\t\t\t\t\t\t\t<div class=\"swiper-slide\"><figure class=\"swiper-slide-inner\"><img decoding=\"async\" class=\"swiper-slide-image\" src=\"https:\/\/laatomica.com.ar\/wp-content\/uploads\/2023\/06\/acoplado_LaAtomica-150x150.jpg\" alt=\"acoplado_LaAtomica\" \/><\/figure><\/div><div class=\"swiper-slide\"><figure class=\"swiper-slide-inner\"><img decoding=\"async\" class=\"swiper-slide-image\" src=\"https:\/\/laatomica.com.ar\/wp-content\/uploads\/2018\/07\/650w_acoplado_barandas_volcables-150x150.jpg\" alt=\"Acoplado barandas volcables\" \/><\/figure><\/div><div class=\"swiper-slide\"><figure class=\"swiper-slide-inner\"><img decoding=\"async\" class=\"swiper-slide-image\" src=\"https:\/\/laatomica.com.ar\/wp-content\/uploads\/2018\/07\/Acoplado_Randon_vista_trasera-1-150x150.png\" alt=\"Acoplado carrozado todo puertas mixto\" \/><\/figure><\/div><div class=\"swiper-slide\"><figure class=\"swiper-slide-inner\"><img decoding=\"async\" class=\"swiper-slide-image\" src=\"https:\/\/laatomica.com.ar\/wp-content\/uploads\/2018\/07\/650w_Acoplado_Randon_todopuertas_mixto2-150x150.jpg\" alt=\"Carrocer\u00edas para acoplados\" \/><\/figure><\/div><div class=\"swiper-slide\"><figure class=\"swiper-slide-inner\"><img decoding=\"async\" class=\"swiper-slide-image\" src=\"https:\/\/laatomica.com.ar\/wp-content\/uploads\/2018\/07\/650w_Acoplado_Randon_todopuertas_mixto-150x150.jpg\" alt=\"Carrocer\u00edas originales RANDON\" \/><\/figure><\/div><div class=\"swiper-slide\"><figure class=\"swiper-slide-inner\"><img decoding=\"async\" class=\"swiper-slide-image\" src=\"https:\/\/laatomica.com.ar\/wp-content\/uploads\/2018\/07\/Acoplado_barandas_volcables_mixto4-150x150.png\" alt=\"Acoplado con carrocer\u00eda barandas volcables mixta\" \/><\/figure><\/div><div class=\"swiper-slide\"><figure class=\"swiper-slide-inner\"><img decoding=\"async\" class=\"swiper-slide-image\" src=\"https:\/\/laatomica.com.ar\/wp-content\/uploads\/2018\/07\/Acoplado_barandas_volcables_mixto-150x150.png\" alt=\"Acoplado con carrocer\u00eda barandas volcables mixta\" \/><\/figure><\/div><div class=\"swiper-slide\"><figure class=\"swiper-slide-inner\"><img decoding=\"async\" class=\"swiper-slide-image\" src=\"https:\/\/laatomica.com.ar\/wp-content\/uploads\/2018\/07\/Acoplado_barandas_volcables_mixto2-1-150x150.png\" alt=\"Acoplado con carrocer\u00eda barandas volcables mixta\" \/><\/figure><\/div><div class=\"swiper-slide\"><figure class=\"swiper-slide-inner\"><img decoding=\"async\" class=\"swiper-slide-image\" src=\"https:\/\/laatomica.com.ar\/wp-content\/uploads\/2018\/07\/Acoplado_barandas_volcables_mixto3-1-150x150.png\" alt=\"Acoplados\" \/><\/figure><\/div>\t\t\t<\/div>\n\t\t\t\t\t\t\t\t\t\t\t\t<div class=\"swiper-pagination\"><\/div>\n\t\t\t\t\t\t\t\t\t\t\t\t\t<div class=\"elementor-swiper-button elementor-swiper-button-prev\" role=\"button\" tabindex=\"0\">\n\t\t\t\t\t\t<i aria-hidden=\"true\" class=\"eicon-chevron-left\"><\/i>\t\t\t\t\t\t<span class=\"elementor-screen-only\">Imagen anterior<\/span>\n\t\t\t\t\t<\/div>\n\t\t\t\t\t<div class=\"elementor-swiper-button elementor-swiper-button-next\" role=\"button\" tabindex=\"0\">\n\t\t\t\t\t\t<i aria-hidden=\"true\" class=\"eicon-chevron-right\"><\/i>\t\t\t\t\t\t<span class=\"elementor-screen-only\">Imagen siguiente<\/span>\n\t\t\t\t\t<\/div>\n\t\t\t\t\t\t\t\t\t<\/div>\n\t\t\t\t<\/div>\n\t\t\t\t<\/div>\n\t\t\t\t\t\t<\/div>\n\t\t\t\t\t<\/div>\n\t\t<\/div>\n\t\t\t\t\t\t\t\t<\/div>\n\t\t\t\t\t<\/div>\n\t\t<\/section>\n\t\t\t\t\t\t\t\t\t<\/div>\n\t\t\t<\/div>\n\t\t\t\t\t<\/div>\n\t\t","protected":false},"excerpt":{"rendered":"<p>En La At\u00f3mica, nos enorgullece ofrecerle carrozados personalizados que se ajustan exactamente a sus necesidades. Le brindamos la libertad de elegir el tipo de carrozado, el color, dise\u00f1os especiales y todo lo necesario para garantizar que su carga sea transportada de manera segura, sin comprometer sus preferencias personales. Nuestros carrozados se realizan sobre la plataforma [&hellip;]<\/p>\n","protected":false},"author":1,"featured_media":9622,"parent":0,"menu_order":0,"comment_status":"closed","ping_status":"closed","template":"","meta":[],"_links":{"self":[{"href":"https:\/\/laatomica.com.ar\/index.php\/wp-json\/wp\/v2\/pages\/9076"}],"collection":[{"href":"https:\/\/laatomica.com.ar\/index.php\/wp-json\/wp\/v2\/pages"}],"about":[{"href":"https:\/\/laatomica.com.ar\/index.php\/wp-json\/wp\/v2\/types\/page"}],"author":[{"embeddable":true,"href":"https:\/\/laatomica.com.ar\/index.php\/wp-json\/wp\/v2\/users\/1"}],"replies":[{"embeddable":true,"href":"https:\/\/laatomica.com.ar\/index.php\/wp-json\/wp\/v2\/comments?post=9076"}],"version-history":[{"count":13,"href":"https:\/\/laatomica.com.ar\/index.php\/wp-json\/wp\/v2\/pages\/9076\/revisions"}],"predecessor-version":[{"id":9773,"href":"https:\/\/laatomica.com.ar\/index.php\/wp-json\/wp\/v2\/pages\/9076\/revisions\/9773"}],"wp:featuredmedia":[{"embeddable":true,"href":"https:\/\/laatomica.com.ar\/index.php\/wp-json\/wp\/v2\/media\/9622"}],"wp:attachment":[{"href":"https:\/\/laatomica.com.ar\/index.php\/wp-json\/wp\/v2\/media?parent=9076"}],"curies":[{"name":"wp","href":"https:\/\/api.w.org\/{rel}","templated":true}]}}