{"id":9216,"date":"2018-07-07T19:55:26","date_gmt":"2018-07-07T19:55:26","guid":{"rendered":"https:\/\/laatomica.com.ar\/?page_id=9216"},"modified":"2026-03-19T11:32:24","modified_gmt":"2026-03-19T14:32:24","slug":"conjuntos-la-atomica-randon","status":"publish","type":"page","link":"https:\/\/laatomica.com.ar\/index.php\/conjuntos-la-atomica-randon\/","title":{"rendered":"Carrozamos conjuntos completos"},"content":{"rendered":"\t\t<div data-elementor-type=\"wp-page\" data-elementor-id=\"9216\" class=\"elementor elementor-9216\">\n\t\t\t\t\t\t<div class=\"elementor-inner\">\n\t\t\t\t<div class=\"elementor-section-wrap\">\n\t\t\t\t\t\t\t\t\t<section class=\"elementor-section elementor-top-section elementor-element elementor-element-1041f90b elementor-section-boxed elementor-section-height-default elementor-section-height-default\" data-id=\"1041f90b\" data-element_type=\"section\">\n\t\t\t\t\t\t<div class=\"elementor-container elementor-column-gap-default\">\n\t\t\t\t\t\t\t<div class=\"elementor-row\">\n\t\t\t\t\t<div class=\"elementor-column elementor-col-100 elementor-top-column elementor-element elementor-element-bcac711\" data-id=\"bcac711\" data-element_type=\"column\">\n\t\t\t<div class=\"elementor-column-wrap elementor-element-populated\">\n\t\t\t\t\t\t\t<div class=\"elementor-widget-wrap\">\n\t\t\t\t\t\t<div class=\"elementor-element elementor-element-14ce6e3b elementor-widget elementor-widget-text-editor\" data-id=\"14ce6e3b\" data-element_type=\"widget\" data-widget_type=\"text-editor.default\">\n\t\t\t\t<div class=\"elementor-widget-container\">\n\t\t\t\t\t\t\t\t<div class=\"elementor-text-editor elementor-clearfix\">\n\t\t\t\t<p><b>M\u00e1s de 80 a\u00f1os de experiencia en carrozados<\/b><b><\/b><\/p><p>En La At\u00f3mica llevamos 80 a\u00f1os dedicados al desarrollo y fabricaci\u00f3n de carrozados para el transporte, combinando experiencia, innovaci\u00f3n y un compromiso constante con la calidad.<\/p><p>A lo largo de nuestra trayectoria, nos hemos consolidado como una empresa de referencia en el sector, ofreciendo soluciones confiables, robustas y adaptadas a las exigencias del mercado. Cada unidad que realizamos refleja un trabajo cuidadoso, materiales de primer nivel y est\u00e1ndares constructivos alineados con las demandas de la industria.<\/p><p>Nuestro compromiso no es solo fabricar productos duraderos, sino tambi\u00e9n brindar a cada cliente la seguridad de contar con un equipo preparado para responder a las condiciones m\u00e1s exigentes de operaci\u00f3n.<\/p><p>\u00a0<\/p><p>La experiencia acumulada durante d\u00e9cadas, junto con una mirada permanente hacia la mejora continua, nos permite seguir ofreciendo carrozados de alta calidad, con respaldo, seriedad y vocaci\u00f3n de servicio.<\/p>\t\t\t\t\t<\/div>\n\t\t\t\t\t\t<\/div>\n\t\t\t\t<\/div>\n\t\t\t\t\t\t<\/div>\n\t\t\t\t\t<\/div>\n\t\t<\/div>\n\t\t\t\t\t\t\t\t<\/div>\n\t\t\t\t\t<\/div>\n\t\t<\/section>\n\t\t\t\t<section class=\"elementor-section elementor-top-section elementor-element elementor-element-ffa564c elementor-section-boxed elementor-section-height-default elementor-section-height-default\" data-id=\"ffa564c\" data-element_type=\"section\">\n\t\t\t\t\t\t<div class=\"elementor-container elementor-column-gap-default\">\n\t\t\t\t\t\t\t<div class=\"elementor-row\">\n\t\t\t\t\t<div class=\"elementor-column elementor-col-100 elementor-top-column elementor-element elementor-element-6136035\" data-id=\"6136035\" data-element_type=\"column\">\n\t\t\t<div class=\"elementor-column-wrap elementor-element-populated\">\n\t\t\t\t\t\t\t<div class=\"elementor-widget-wrap\">\n\t\t\t\t\t\t<div class=\"elementor-element elementor-element-504c733 elementor-arrows-position-inside elementor-pagination-position-outside elementor-widget elementor-widget-image-carousel\" data-id=\"504c733\" data-element_type=\"widget\" data-settings=\"{&quot;slides_to_show&quot;:&quot;2&quot;,&quot;navigation&quot;:&quot;both&quot;,&quot;autoplay&quot;:&quot;yes&quot;,&quot;pause_on_hover&quot;:&quot;yes&quot;,&quot;pause_on_interaction&quot;:&quot;yes&quot;,&quot;autoplay_speed&quot;:5000,&quot;infinite&quot;:&quot;yes&quot;,&quot;speed&quot;:500}\" data-widget_type=\"image-carousel.default\">\n\t\t\t\t<div class=\"elementor-widget-container\">\n\t\t\t\t\t<div class=\"elementor-image-carousel-wrapper swiper-container\" dir=\"ltr\">\n\t\t\t<div class=\"elementor-image-carousel swiper-wrapper\">\n\t\t\t\t\t\t\t\t<div class=\"swiper-slide\"><figure class=\"swiper-slide-inner\"><img decoding=\"async\" class=\"swiper-slide-image\" src=\"https:\/\/laatomica.com.ar\/wp-content\/uploads\/2026\/03\/Equipo_Todo_puertas_mixto3-150x150.jpg\" alt=\"Equipo_Todo_puertas_mixto3\" \/><\/figure><\/div><div class=\"swiper-slide\"><figure class=\"swiper-slide-inner\"><img decoding=\"async\" class=\"swiper-slide-image\" src=\"https:\/\/laatomica.com.ar\/wp-content\/uploads\/2026\/03\/SemiLaAtomica3_small-2-150x150.jpg\" alt=\"SemiLaAtomica3_small\" \/><\/figure><\/div>\t\t\t<\/div>\n\t\t\t\t\t\t\t\t\t\t\t\t<div class=\"swiper-pagination\"><\/div>\n\t\t\t\t\t\t\t\t\t\t\t\t\t<div class=\"elementor-swiper-button elementor-swiper-button-prev\" role=\"button\" tabindex=\"0\">\n\t\t\t\t\t\t<i aria-hidden=\"true\" class=\"eicon-chevron-left\"><\/i>\t\t\t\t\t\t<span class=\"elementor-screen-only\">Imagen anterior<\/span>\n\t\t\t\t\t<\/div>\n\t\t\t\t\t<div class=\"elementor-swiper-button elementor-swiper-button-next\" role=\"button\" tabindex=\"0\">\n\t\t\t\t\t\t<i aria-hidden=\"true\" class=\"eicon-chevron-right\"><\/i>\t\t\t\t\t\t<span class=\"elementor-screen-only\">Imagen siguiente<\/span>\n\t\t\t\t\t<\/div>\n\t\t\t\t\t\t\t\t\t<\/div>\n\t\t\t\t<\/div>\n\t\t\t\t<\/div>\n\t\t\t\t\t\t<\/div>\n\t\t\t\t\t<\/div>\n\t\t<\/div>\n\t\t\t\t\t\t\t\t<\/div>\n\t\t\t\t\t<\/div>\n\t\t<\/section>\n\t\t\t\t\t\t\t\t\t<\/div>\n\t\t\t<\/div>\n\t\t\t\t\t<\/div>\n\t\t","protected":false},"excerpt":{"rendered":"<p>M\u00e1s de 80 a\u00f1os de experiencia en carrozados En La At\u00f3mica llevamos 80 a\u00f1os dedicados al desarrollo y fabricaci\u00f3n de carrozados para el transporte, combinando experiencia, innovaci\u00f3n y un compromiso constante con la calidad. A lo largo de nuestra trayectoria, nos hemos consolidado como una empresa de referencia en el sector, ofreciendo soluciones confiables, robustas [&hellip;]<\/p>\n","protected":false},"author":1,"featured_media":9633,"parent":0,"menu_order":0,"comment_status":"closed","ping_status":"closed","template":"","meta":[],"_links":{"self":[{"href":"https:\/\/laatomica.com.ar\/index.php\/wp-json\/wp\/v2\/pages\/9216"}],"collection":[{"href":"https:\/\/laatomica.com.ar\/index.php\/wp-json\/wp\/v2\/pages"}],"about":[{"href":"https:\/\/laatomica.com.ar\/index.php\/wp-json\/wp\/v2\/types\/page"}],"author":[{"embeddable":true,"href":"https:\/\/laatomica.com.ar\/index.php\/wp-json\/wp\/v2\/users\/1"}],"replies":[{"embeddable":true,"href":"https:\/\/laatomica.com.ar\/index.php\/wp-json\/wp\/v2\/comments?post=9216"}],"version-history":[{"count":19,"href":"https:\/\/laatomica.com.ar\/index.php\/wp-json\/wp\/v2\/pages\/9216\/revisions"}],"predecessor-version":[{"id":9660,"href":"https:\/\/laatomica.com.ar\/index.php\/wp-json\/wp\/v2\/pages\/9216\/revisions\/9660"}],"wp:featuredmedia":[{"embeddable":true,"href":"https:\/\/laatomica.com.ar\/index.php\/wp-json\/wp\/v2\/media\/9633"}],"wp:attachment":[{"href":"https:\/\/laatomica.com.ar\/index.php\/wp-json\/wp\/v2\/media?parent=9216"}],"curies":[{"name":"wp","href":"https:\/\/api.w.org\/{rel}","templated":true}]}}