{"id":9256,"date":"2018-07-07T21:04:26","date_gmt":"2018-07-07T21:04:26","guid":{"rendered":"https:\/\/laatomica.com.ar\/?page_id=9256"},"modified":"2026-03-23T12:24:09","modified_gmt":"2026-03-23T15:24:09","slug":"historia-fabrica-la-atomica","status":"publish","type":"page","link":"https:\/\/laatomica.com.ar\/index.php\/historia-fabrica-la-atomica\/","title":{"rendered":"Historia F\u00e1brica La At\u00f3mica"},"content":{"rendered":"\t\t<div data-elementor-type=\"wp-page\" data-elementor-id=\"9256\" class=\"elementor elementor-9256\">\n\t\t\t\t\t\t<div class=\"elementor-inner\">\n\t\t\t\t<div class=\"elementor-section-wrap\">\n\t\t\t\t\t\t\t\t\t<section class=\"elementor-section elementor-top-section elementor-element elementor-element-064e6c8 elementor-section-full_width elementor-section-stretched elementor-section-height-default elementor-section-height-default\" data-id=\"064e6c8\" data-element_type=\"section\" data-settings=\"{&quot;stretch_section&quot;:&quot;section-stretched&quot;}\">\n\t\t\t\t\t\t<div class=\"elementor-container elementor-column-gap-default\">\n\t\t\t\t\t\t\t<div class=\"elementor-row\">\n\t\t\t\t\t<div class=\"elementor-column elementor-col-100 elementor-top-column elementor-element elementor-element-5844222\" data-id=\"5844222\" data-element_type=\"column\">\n\t\t\t<div class=\"elementor-column-wrap elementor-element-populated\">\n\t\t\t\t\t\t\t<div class=\"elementor-widget-wrap\">\n\t\t\t\t\t\t<div class=\"elementor-element elementor-element-c00671a elementor-widget-divider--view-line elementor-widget elementor-widget-divider\" data-id=\"c00671a\" data-element_type=\"widget\" data-widget_type=\"divider.default\">\n\t\t\t\t<div class=\"elementor-widget-container\">\n\t\t\t\t\t<div class=\"elementor-divider\">\n\t\t\t<span class=\"elementor-divider-separator\">\n\t\t\t\t\t\t<\/span>\n\t\t<\/div>\n\t\t\t\t<\/div>\n\t\t\t\t<\/div>\n\t\t\t\t\t\t<\/div>\n\t\t\t\t\t<\/div>\n\t\t<\/div>\n\t\t\t\t\t\t\t\t<\/div>\n\t\t\t\t\t<\/div>\n\t\t<\/section>\n\t\t\t\t<section class=\"elementor-section elementor-top-section elementor-element elementor-element-861f5a8 elementor-section-full_width elementor-section-stretched elementor-section-height-default elementor-section-height-default\" data-id=\"861f5a8\" data-element_type=\"section\" data-settings=\"{&quot;stretch_section&quot;:&quot;section-stretched&quot;}\">\n\t\t\t\t\t\t<div class=\"elementor-container elementor-column-gap-default\">\n\t\t\t\t\t\t\t<div class=\"elementor-row\">\n\t\t\t\t\t<div class=\"elementor-column elementor-col-100 elementor-top-column elementor-element elementor-element-e1de99f\" data-id=\"e1de99f\" data-element_type=\"column\">\n\t\t\t<div class=\"elementor-column-wrap elementor-element-populated\">\n\t\t\t\t\t\t\t<div class=\"elementor-widget-wrap\">\n\t\t\t\t\t\t<div class=\"elementor-element elementor-element-0acb2d6 elementor-widget elementor-widget-image\" data-id=\"0acb2d6\" data-element_type=\"widget\" data-widget_type=\"image.default\">\n\t\t\t\t<div class=\"elementor-widget-container\">\n\t\t\t\t\t\t\t\t<div class=\"elementor-image\">\n\t\t\t\t\t\t\t\t\t\t\t\t<img decoding=\"async\" width=\"680\" height=\"454\" src=\"https:\/\/laatomica.com.ar\/wp-content\/uploads\/2026\/03\/80-an\u0303os_grande-1024x683.jpg\" class=\"attachment-large size-large wp-image-9717\" alt=\"80 a\u00f1os La At\u00f3mica\" loading=\"lazy\" srcset=\"https:\/\/laatomica.com.ar\/wp-content\/uploads\/2026\/03\/80-an\u0303os_grande-1024x683.jpg 1024w, https:\/\/laatomica.com.ar\/wp-content\/uploads\/2026\/03\/80-an\u0303os_grande-300x200.jpg 300w, https:\/\/laatomica.com.ar\/wp-content\/uploads\/2026\/03\/80-an\u0303os_grande-768x512.jpg 768w, https:\/\/laatomica.com.ar\/wp-content\/uploads\/2026\/03\/80-an\u0303os_grande.jpg 1536w\" sizes=\"(max-width: 680px) 100vw, 680px\" \/>\t\t\t\t\t\t\t\t\t\t\t\t\t\t<\/div>\n\t\t\t\t\t\t<\/div>\n\t\t\t\t<\/div>\n\t\t\t\t\t\t<\/div>\n\t\t\t\t\t<\/div>\n\t\t<\/div>\n\t\t\t\t\t\t\t\t<\/div>\n\t\t\t\t\t<\/div>\n\t\t<\/section>\n\t\t\t\t<section class=\"elementor-section elementor-top-section elementor-element elementor-element-5934c3e elementor-section-full_width elementor-section-stretched elementor-section-height-default elementor-section-height-default\" data-id=\"5934c3e\" data-element_type=\"section\" data-settings=\"{&quot;stretch_section&quot;:&quot;section-stretched&quot;}\">\n\t\t\t\t\t\t<div class=\"elementor-container elementor-column-gap-default\">\n\t\t\t\t\t\t\t<div class=\"elementor-row\">\n\t\t\t\t\t<div class=\"elementor-column elementor-col-100 elementor-top-column elementor-element elementor-element-038465d\" data-id=\"038465d\" data-element_type=\"column\">\n\t\t\t<div class=\"elementor-column-wrap elementor-element-populated\">\n\t\t\t\t\t\t\t<div class=\"elementor-widget-wrap\">\n\t\t\t\t\t\t<div class=\"elementor-element elementor-element-36fa3d5 elementor-widget-divider--view-line elementor-widget elementor-widget-divider\" data-id=\"36fa3d5\" data-element_type=\"widget\" data-widget_type=\"divider.default\">\n\t\t\t\t<div class=\"elementor-widget-container\">\n\t\t\t\t\t<div class=\"elementor-divider\">\n\t\t\t<span class=\"elementor-divider-separator\">\n\t\t\t\t\t\t<\/span>\n\t\t<\/div>\n\t\t\t\t<\/div>\n\t\t\t\t<\/div>\n\t\t\t\t\t\t<\/div>\n\t\t\t\t\t<\/div>\n\t\t<\/div>\n\t\t\t\t\t\t\t\t<\/div>\n\t\t\t\t\t<\/div>\n\t\t<\/section>\n\t\t\t\t<section class=\"elementor-section elementor-top-section elementor-element elementor-element-85fa415 elementor-section-stretched elementor-section-boxed elementor-section-height-default elementor-section-height-default\" data-id=\"85fa415\" data-element_type=\"section\" data-settings=\"{&quot;stretch_section&quot;:&quot;section-stretched&quot;}\">\n\t\t\t\t\t\t<div class=\"elementor-container elementor-column-gap-default\">\n\t\t\t\t\t\t\t<div class=\"elementor-row\">\n\t\t\t\t\t<div class=\"elementor-column elementor-col-50 elementor-top-column elementor-element elementor-element-b807947\" data-id=\"b807947\" data-element_type=\"column\">\n\t\t\t<div class=\"elementor-column-wrap elementor-element-populated\">\n\t\t\t\t\t\t\t<div class=\"elementor-widget-wrap\">\n\t\t\t\t\t\t<div class=\"elementor-element elementor-element-b680487 elementor-widget elementor-widget-text-editor\" data-id=\"b680487\" data-element_type=\"widget\" data-widget_type=\"text-editor.default\">\n\t\t\t\t<div class=\"elementor-widget-container\">\n\t\t\t\t\t\t\t\t<div class=\"elementor-text-editor elementor-clearfix\">\n\t\t\t\t<p>La f\u00e1brica, con sus or\u00edgenes en 1946, fue fundada por Don Carlos Cerri, Don Jos\u00e9 Aiello y Don Armando Mario Bianculli. Su objetivo inicial era la construcci\u00f3n de carros para el transporte de granos, acoplados para camiones, torner\u00eda y reparaciones en general.<\/p><p>En la d\u00e9cada de los setenta, separaron sus industrias y la marca LA ATOMICA qued\u00f3 en manos de la familia Cerri. Adquirieron un terreno de 10.000 m\u00b2, que inclu\u00eda dos modernas naves de 3500 m\u00b2 en la intersecci\u00f3n de la ruta nacional N\u00ba3 y la provincial N\u00ba228, y comenzaron a fabricar acoplados, carrocer\u00edas para camiones y unidades para el transporte agropecuario.<\/p>\t\t\t\t\t<\/div>\n\t\t\t\t\t\t<\/div>\n\t\t\t\t<\/div>\n\t\t\t\t\t\t<\/div>\n\t\t\t\t\t<\/div>\n\t\t<\/div>\n\t\t\t\t<div class=\"elementor-column elementor-col-50 elementor-top-column elementor-element elementor-element-42f545e\" data-id=\"42f545e\" data-element_type=\"column\">\n\t\t\t<div class=\"elementor-column-wrap elementor-element-populated\">\n\t\t\t\t\t\t\t<div class=\"elementor-widget-wrap\">\n\t\t\t\t\t\t<div class=\"elementor-element elementor-element-3304051 elementor-widget elementor-widget-image\" data-id=\"3304051\" data-element_type=\"widget\" data-widget_type=\"image.default\">\n\t\t\t\t<div class=\"elementor-widget-container\">\n\t\t\t\t\t\t\t\t<div class=\"elementor-image\">\n\t\t\t\t\t\t\t\t\t\t\t\t<img decoding=\"async\" width=\"680\" height=\"453\" src=\"https:\/\/laatomica.com.ar\/wp-content\/uploads\/2026\/03\/Cerri-Bianculli-y-Aiello-768x512.jpg\" class=\"attachment-medium_large size-medium_large wp-image-9734\" alt=\"\" loading=\"lazy\" srcset=\"https:\/\/laatomica.com.ar\/wp-content\/uploads\/2026\/03\/Cerri-Bianculli-y-Aiello-768x512.jpg 768w, https:\/\/laatomica.com.ar\/wp-content\/uploads\/2026\/03\/Cerri-Bianculli-y-Aiello-300x200.jpg 300w, https:\/\/laatomica.com.ar\/wp-content\/uploads\/2026\/03\/Cerri-Bianculli-y-Aiello-1024x683.jpg 1024w, https:\/\/laatomica.com.ar\/wp-content\/uploads\/2026\/03\/Cerri-Bianculli-y-Aiello.jpg 1536w\" sizes=\"(max-width: 680px) 100vw, 680px\" \/>\t\t\t\t\t\t\t\t\t\t\t\t\t\t<\/div>\n\t\t\t\t\t\t<\/div>\n\t\t\t\t<\/div>\n\t\t\t\t\t\t<\/div>\n\t\t\t\t\t<\/div>\n\t\t<\/div>\n\t\t\t\t\t\t\t\t<\/div>\n\t\t\t\t\t<\/div>\n\t\t<\/section>\n\t\t\t\t<section class=\"elementor-section elementor-top-section elementor-element elementor-element-de628de elementor-section-stretched elementor-section-boxed elementor-section-height-default elementor-section-height-default\" data-id=\"de628de\" data-element_type=\"section\" data-settings=\"{&quot;stretch_section&quot;:&quot;section-stretched&quot;}\">\n\t\t\t\t\t\t<div class=\"elementor-container elementor-column-gap-default\">\n\t\t\t\t\t\t\t<div class=\"elementor-row\">\n\t\t\t\t\t<div class=\"elementor-column elementor-col-50 elementor-top-column elementor-element elementor-element-80e5fc3\" data-id=\"80e5fc3\" data-element_type=\"column\">\n\t\t\t<div class=\"elementor-column-wrap elementor-element-populated\">\n\t\t\t\t\t\t\t<div class=\"elementor-widget-wrap\">\n\t\t\t\t\t\t<div class=\"elementor-element elementor-element-aaf9a75 elementor-widget elementor-widget-image\" data-id=\"aaf9a75\" data-element_type=\"widget\" data-widget_type=\"image.default\">\n\t\t\t\t<div class=\"elementor-widget-container\">\n\t\t\t\t\t\t\t\t<div class=\"elementor-image\">\n\t\t\t\t\t\t\t\t\t\t\t\t<img decoding=\"async\" width=\"680\" height=\"510\" src=\"https:\/\/laatomica.com.ar\/wp-content\/uploads\/2026\/03\/Fabrica-Cerri-Bianculli-y-Aiello-768x576.jpg\" class=\"attachment-medium_large size-medium_large wp-image-9733\" alt=\"\" loading=\"lazy\" srcset=\"https:\/\/laatomica.com.ar\/wp-content\/uploads\/2026\/03\/Fabrica-Cerri-Bianculli-y-Aiello-768x576.jpg 768w, https:\/\/laatomica.com.ar\/wp-content\/uploads\/2026\/03\/Fabrica-Cerri-Bianculli-y-Aiello-300x225.jpg 300w, https:\/\/laatomica.com.ar\/wp-content\/uploads\/2026\/03\/Fabrica-Cerri-Bianculli-y-Aiello-1024x768.jpg 1024w, https:\/\/laatomica.com.ar\/wp-content\/uploads\/2026\/03\/Fabrica-Cerri-Bianculli-y-Aiello.jpg 1365w\" sizes=\"(max-width: 680px) 100vw, 680px\" \/>\t\t\t\t\t\t\t\t\t\t\t\t\t\t<\/div>\n\t\t\t\t\t\t<\/div>\n\t\t\t\t<\/div>\n\t\t\t\t\t\t<\/div>\n\t\t\t\t\t<\/div>\n\t\t<\/div>\n\t\t\t\t<div class=\"elementor-column elementor-col-50 elementor-top-column elementor-element elementor-element-fc9e4aa\" data-id=\"fc9e4aa\" data-element_type=\"column\">\n\t\t\t<div class=\"elementor-column-wrap elementor-element-populated\">\n\t\t\t\t\t\t\t<div class=\"elementor-widget-wrap\">\n\t\t\t\t\t\t<div class=\"elementor-element elementor-element-ace9573 elementor-widget elementor-widget-text-editor\" data-id=\"ace9573\" data-element_type=\"widget\" data-widget_type=\"text-editor.default\">\n\t\t\t\t<div class=\"elementor-widget-container\">\n\t\t\t\t\t\t\t\t<div class=\"elementor-text-editor elementor-clearfix\">\n\t\t\t\t<p>En aquel entonces, los hijos de la familia, Carlos Luis y Horacio Ricardo, se unieron a la empresa y se especializaron en la gesti\u00f3n de la f\u00e1brica, la comercializaci\u00f3n y las finanzas. La empresa continu\u00f3 creciendo y se destac\u00f3 en el mercado por la alta calidad de sus productos. As\u00ed, trascendi\u00f3 las fronteras regionales y comenz\u00f3 a abastecer la demanda en el norte de la provincia de Buenos Aires y La Pampa. En su constante crecimiento, la empresa incorpor\u00f3 personal de planta, profesionales y tecnolog\u00eda avanzada.<\/p>\t\t\t\t\t<\/div>\n\t\t\t\t\t\t<\/div>\n\t\t\t\t<\/div>\n\t\t\t\t\t\t<\/div>\n\t\t\t\t\t<\/div>\n\t\t<\/div>\n\t\t\t\t\t\t\t\t<\/div>\n\t\t\t\t\t<\/div>\n\t\t<\/section>\n\t\t\t\t<section class=\"elementor-section elementor-top-section elementor-element elementor-element-0e88abd elementor-section-stretched elementor-section-boxed elementor-section-height-default elementor-section-height-default\" data-id=\"0e88abd\" data-element_type=\"section\" data-settings=\"{&quot;stretch_section&quot;:&quot;section-stretched&quot;}\">\n\t\t\t\t\t\t<div class=\"elementor-container elementor-column-gap-default\">\n\t\t\t\t\t\t\t<div class=\"elementor-row\">\n\t\t\t\t\t<div class=\"elementor-column elementor-col-50 elementor-top-column elementor-element elementor-element-4a5cea0\" data-id=\"4a5cea0\" data-element_type=\"column\">\n\t\t\t<div class=\"elementor-column-wrap elementor-element-populated\">\n\t\t\t\t\t\t\t<div class=\"elementor-widget-wrap\">\n\t\t\t\t\t\t<div class=\"elementor-element elementor-element-9f7047f elementor-widget elementor-widget-text-editor\" data-id=\"9f7047f\" data-element_type=\"widget\" data-widget_type=\"text-editor.default\">\n\t\t\t\t<div class=\"elementor-widget-container\">\n\t\t\t\t\t\t\t\t<div class=\"elementor-text-editor elementor-clearfix\">\n\t\t\t\t<p>A principios de la d\u00e9cada de los noventa, se percibi\u00f3 la necesidad de lograr una mayor estabilidad y definici\u00f3n del producto. En ese momento, surgi\u00f3 la idea de aprovechar las ventajas de la integraci\u00f3n con la aparici\u00f3n del MERCOSUR. Se establecieron contactos con la prestigiosa empresa brasile\u00f1a RANDON,\u00a0l\u00edder en el mercado de construcci\u00f3n de elementos para el transporte por carretera. El objetivo era integrar productos y desarrollar una l\u00ednea de\u00a0comercializaci\u00f3n m\u00e1s amplia. As\u00ed, se comenzaron a fabricar los primeros remolques carrozados sobre bastidores importados.<\/p>\t\t\t\t\t<\/div>\n\t\t\t\t\t\t<\/div>\n\t\t\t\t<\/div>\n\t\t\t\t\t\t<\/div>\n\t\t\t\t\t<\/div>\n\t\t<\/div>\n\t\t\t\t<div class=\"elementor-column elementor-col-50 elementor-top-column elementor-element elementor-element-9812ac6\" data-id=\"9812ac6\" data-element_type=\"column\">\n\t\t\t<div class=\"elementor-column-wrap elementor-element-populated\">\n\t\t\t\t\t\t\t<div class=\"elementor-widget-wrap\">\n\t\t\t\t\t\t<div class=\"elementor-element elementor-element-cc03f6f elementor-widget elementor-widget-image\" data-id=\"cc03f6f\" data-element_type=\"widget\" data-widget_type=\"image.default\">\n\t\t\t\t<div class=\"elementor-widget-container\">\n\t\t\t\t\t\t\t\t<div class=\"elementor-image\">\n\t\t\t\t\t\t\t\t\t\t\t\t<img decoding=\"async\" width=\"680\" height=\"453\" src=\"https:\/\/laatomica.com.ar\/wp-content\/uploads\/2026\/03\/350w_Exposicion_LaAtomica_1971-768x512.jpg\" class=\"attachment-medium_large size-medium_large wp-image-9736\" alt=\"\" loading=\"lazy\" srcset=\"https:\/\/laatomica.com.ar\/wp-content\/uploads\/2026\/03\/350w_Exposicion_LaAtomica_1971-768x512.jpg 768w, https:\/\/laatomica.com.ar\/wp-content\/uploads\/2026\/03\/350w_Exposicion_LaAtomica_1971-300x200.jpg 300w, https:\/\/laatomica.com.ar\/wp-content\/uploads\/2026\/03\/350w_Exposicion_LaAtomica_1971-1024x683.jpg 1024w, https:\/\/laatomica.com.ar\/wp-content\/uploads\/2026\/03\/350w_Exposicion_LaAtomica_1971.jpg 1536w\" sizes=\"(max-width: 680px) 100vw, 680px\" \/>\t\t\t\t\t\t\t\t\t\t\t\t\t\t<\/div>\n\t\t\t\t\t\t<\/div>\n\t\t\t\t<\/div>\n\t\t\t\t\t\t<\/div>\n\t\t\t\t\t<\/div>\n\t\t<\/div>\n\t\t\t\t\t\t\t\t<\/div>\n\t\t\t\t\t<\/div>\n\t\t<\/section>\n\t\t\t\t<section class=\"elementor-section elementor-top-section elementor-element elementor-element-6a713d4 elementor-section-stretched elementor-section-boxed elementor-section-height-default elementor-section-height-default\" data-id=\"6a713d4\" data-element_type=\"section\" data-settings=\"{&quot;stretch_section&quot;:&quot;section-stretched&quot;}\">\n\t\t\t\t\t\t<div class=\"elementor-container elementor-column-gap-default\">\n\t\t\t\t\t\t\t<div class=\"elementor-row\">\n\t\t\t\t\t<div class=\"elementor-column elementor-col-50 elementor-top-column elementor-element elementor-element-2f3d7bd\" data-id=\"2f3d7bd\" data-element_type=\"column\">\n\t\t\t<div class=\"elementor-column-wrap elementor-element-populated\">\n\t\t\t\t\t\t\t<div class=\"elementor-widget-wrap\">\n\t\t\t\t\t\t<div class=\"elementor-element elementor-element-863a6c5 elementor-widget elementor-widget-image\" data-id=\"863a6c5\" data-element_type=\"widget\" data-widget_type=\"image.default\">\n\t\t\t\t<div class=\"elementor-widget-container\">\n\t\t\t\t\t\t\t\t<div class=\"elementor-image\">\n\t\t\t\t\t\t\t\t\t\t\t\t<img decoding=\"async\" width=\"680\" height=\"453\" src=\"https:\/\/laatomica.com.ar\/wp-content\/uploads\/2026\/03\/Taller2-768x512.jpg\" class=\"attachment-medium_large size-medium_large wp-image-9737\" alt=\"\" loading=\"lazy\" srcset=\"https:\/\/laatomica.com.ar\/wp-content\/uploads\/2026\/03\/Taller2-768x512.jpg 768w, https:\/\/laatomica.com.ar\/wp-content\/uploads\/2026\/03\/Taller2-300x200.jpg 300w, https:\/\/laatomica.com.ar\/wp-content\/uploads\/2026\/03\/Taller2-1024x683.jpg 1024w, https:\/\/laatomica.com.ar\/wp-content\/uploads\/2026\/03\/Taller2.jpg 1536w\" sizes=\"(max-width: 680px) 100vw, 680px\" \/>\t\t\t\t\t\t\t\t\t\t\t\t\t\t<\/div>\n\t\t\t\t\t\t<\/div>\n\t\t\t\t<\/div>\n\t\t\t\t\t\t<\/div>\n\t\t\t\t\t<\/div>\n\t\t<\/div>\n\t\t\t\t<div class=\"elementor-column elementor-col-50 elementor-top-column elementor-element elementor-element-3007c05\" data-id=\"3007c05\" data-element_type=\"column\">\n\t\t\t<div class=\"elementor-column-wrap elementor-element-populated\">\n\t\t\t\t\t\t\t<div class=\"elementor-widget-wrap\">\n\t\t\t\t\t\t<div class=\"elementor-element elementor-element-2a5dc5f elementor-widget elementor-widget-text-editor\" data-id=\"2a5dc5f\" data-element_type=\"widget\" data-widget_type=\"text-editor.default\">\n\t\t\t\t<div class=\"elementor-widget-container\">\n\t\t\t\t\t\t\t\t<div class=\"elementor-text-editor elementor-clearfix\">\n\t\t\t\t<p>La empresa RANDON Argentina S.A. design\u00f3 a nuestra compa\u00f1\u00eda como su distribuidor oficial en una amplia zona del sudoeste de la provincia de Buenos Aires, que incluye ciudades importantes como Tres Arroyos, Bah\u00eda Blanca, Mar del Plata, Necochea, Carmen de Patagones, Trenque Lauquen y Coronel Su\u00e1rez, as\u00ed como tambi\u00e9n en la provincia de La Pampa. Esta amplia zona tuvo un impacto positivo en las ventas, lo que requiri\u00f3 realizar numerosas modificaciones internas en la f\u00e1brica, como la incorporaci\u00f3n de puentes gr\u00faas, m\u00e1quinas guillotinas y estampadoras con control num\u00e9rico, para agilizar la producci\u00f3n.<\/p>\t\t\t\t\t<\/div>\n\t\t\t\t\t\t<\/div>\n\t\t\t\t<\/div>\n\t\t\t\t\t\t<\/div>\n\t\t\t\t\t<\/div>\n\t\t<\/div>\n\t\t\t\t\t\t\t\t<\/div>\n\t\t\t\t\t<\/div>\n\t\t<\/section>\n\t\t\t\t<section class=\"elementor-section elementor-top-section elementor-element elementor-element-d7882a2 elementor-section-stretched elementor-section-boxed elementor-section-height-default elementor-section-height-default\" data-id=\"d7882a2\" data-element_type=\"section\" data-settings=\"{&quot;stretch_section&quot;:&quot;section-stretched&quot;}\">\n\t\t\t\t\t\t<div class=\"elementor-container elementor-column-gap-default\">\n\t\t\t\t\t\t\t<div class=\"elementor-row\">\n\t\t\t\t\t<div class=\"elementor-column elementor-col-50 elementor-top-column elementor-element elementor-element-9773bcd\" data-id=\"9773bcd\" data-element_type=\"column\">\n\t\t\t<div class=\"elementor-column-wrap elementor-element-populated\">\n\t\t\t\t\t\t\t<div class=\"elementor-widget-wrap\">\n\t\t\t\t\t\t<div class=\"elementor-element elementor-element-5ee3bcd elementor-widget elementor-widget-text-editor\" data-id=\"5ee3bcd\" data-element_type=\"widget\" data-widget_type=\"text-editor.default\">\n\t\t\t\t<div class=\"elementor-widget-container\">\n\t\t\t\t\t\t\t\t<div class=\"elementor-text-editor elementor-clearfix\">\n\t\t\t\t<p>Han transcurrido m\u00e1s de setenta\u00a0 a\u00f1os desde su fundaci\u00f3n y el orgullo leg\u00edtimo de esta empresa, de car\u00e1cter familiar, se basa no solo en su crecimiento econ\u00f3mico y tecnol\u00f3gico, sino tambi\u00e9n en el mantenimiento ininterrumpido de empleos y en la excelente relaci\u00f3n con todos sus empleados, asegur\u00e1ndoles un futuro prometedor.<\/p>\t\t\t\t\t<\/div>\n\t\t\t\t\t\t<\/div>\n\t\t\t\t<\/div>\n\t\t\t\t\t\t<\/div>\n\t\t\t\t\t<\/div>\n\t\t<\/div>\n\t\t\t\t<div class=\"elementor-column elementor-col-50 elementor-top-column elementor-element elementor-element-014ae7b\" data-id=\"014ae7b\" data-element_type=\"column\">\n\t\t\t<div class=\"elementor-column-wrap elementor-element-populated\">\n\t\t\t\t\t\t\t<div class=\"elementor-widget-wrap\">\n\t\t\t\t\t\t<div class=\"elementor-element elementor-element-3a0b4ba elementor-widget elementor-widget-image\" data-id=\"3a0b4ba\" data-element_type=\"widget\" data-widget_type=\"image.default\">\n\t\t\t\t<div class=\"elementor-widget-container\">\n\t\t\t\t\t\t\t\t<div class=\"elementor-image\">\n\t\t\t\t\t\t\t\t\t\t\t\t<img decoding=\"async\" width=\"680\" height=\"449\" src=\"https:\/\/laatomica.com.ar\/wp-content\/uploads\/2026\/03\/350w_Equipo_historico_LaAtomica_1960_mejorada-768x507.jpg\" class=\"attachment-medium_large size-medium_large wp-image-9738\" alt=\"\" loading=\"lazy\" srcset=\"https:\/\/laatomica.com.ar\/wp-content\/uploads\/2026\/03\/350w_Equipo_historico_LaAtomica_1960_mejorada-768x507.jpg 768w, https:\/\/laatomica.com.ar\/wp-content\/uploads\/2026\/03\/350w_Equipo_historico_LaAtomica_1960_mejorada-300x198.jpg 300w, https:\/\/laatomica.com.ar\/wp-content\/uploads\/2026\/03\/350w_Equipo_historico_LaAtomica_1960_mejorada-1024x676.jpg 1024w, https:\/\/laatomica.com.ar\/wp-content\/uploads\/2026\/03\/350w_Equipo_historico_LaAtomica_1960_mejorada.jpg 1400w\" sizes=\"(max-width: 680px) 100vw, 680px\" \/>\t\t\t\t\t\t\t\t\t\t\t\t\t\t<\/div>\n\t\t\t\t\t\t<\/div>\n\t\t\t\t<\/div>\n\t\t\t\t\t\t<\/div>\n\t\t\t\t\t<\/div>\n\t\t<\/div>\n\t\t\t\t\t\t\t\t<\/div>\n\t\t\t\t\t<\/div>\n\t\t<\/section>\n\t\t\t\t\t\t\t\t\t<\/div>\n\t\t\t<\/div>\n\t\t\t\t\t<\/div>\n\t\t","protected":false},"excerpt":{"rendered":"<p>La f\u00e1brica, con sus or\u00edgenes en 1946, fue fundada por Don Carlos Cerri, Don Jos\u00e9 Aiello y Don Armando Mario Bianculli. Su objetivo inicial era la construcci\u00f3n de carros para el transporte de granos, acoplados para camiones, torner\u00eda y reparaciones en general. En la d\u00e9cada de los setenta, separaron sus industrias y la marca LA [&hellip;]<\/p>\n","protected":false},"author":1,"featured_media":0,"parent":0,"menu_order":0,"comment_status":"closed","ping_status":"closed","template":"","meta":[],"_links":{"self":[{"href":"https:\/\/laatomica.com.ar\/index.php\/wp-json\/wp\/v2\/pages\/9256"}],"collection":[{"href":"https:\/\/laatomica.com.ar\/index.php\/wp-json\/wp\/v2\/pages"}],"about":[{"href":"https:\/\/laatomica.com.ar\/index.php\/wp-json\/wp\/v2\/types\/page"}],"author":[{"embeddable":true,"href":"https:\/\/laatomica.com.ar\/index.php\/wp-json\/wp\/v2\/users\/1"}],"replies":[{"embeddable":true,"href":"https:\/\/laatomica.com.ar\/index.php\/wp-json\/wp\/v2\/comments?post=9256"}],"version-history":[{"count":74,"href":"https:\/\/laatomica.com.ar\/index.php\/wp-json\/wp\/v2\/pages\/9256\/revisions"}],"predecessor-version":[{"id":9744,"href":"https:\/\/laatomica.com.ar\/index.php\/wp-json\/wp\/v2\/pages\/9256\/revisions\/9744"}],"wp:attachment":[{"href":"https:\/\/laatomica.com.ar\/index.php\/wp-json\/wp\/v2\/media?parent=9256"}],"curies":[{"name":"wp","href":"https:\/\/api.w.org\/{rel}","templated":true}]}}