{"id":9325,"date":"2023-05-08T18:57:19","date_gmt":"2023-05-08T21:57:19","guid":{"rendered":"https:\/\/staging.laatomica.com.ar\/?page_id=9325"},"modified":"2026-03-18T17:59:17","modified_gmt":"2026-03-18T20:59:17","slug":"bienvenidos","status":"publish","type":"page","link":"https:\/\/laatomica.com.ar\/index.php\/bienvenidos\/","title":{"rendered":"Somos una empresa familiar especializada en la fabricaci\u00f3n de soluciones a medida para optimizar el transporte terrestre de carga."},"content":{"rendered":"<p>Nuestra prioridad es ofrecer productos de la m\u00e1s alta calidad, dise\u00f1ados meticulosamente para satisfacer todas sus necesidades en el transporte terrestre de carga. Con m\u00e1s de 70 a\u00f1os de experiencia, nos hemos consolidado como l\u00edderes en el mercado.<\/p>\n<p>Le invitamos a explorar nuestro sitio web para descubrir en detalle nuestra amplia gama de productos.<\/p>\n<p>Adem\u00e1s, nos encantar\u00eda recibirle personalmente en nuestras oficinas, donde le brindaremos la atenci\u00f3n que usted se merece. Estamos convenientemente ubicados en la intersecci\u00f3n de la Ruta Nacional N\u00ba 3 y la Ruta Provincial N\u00ba 228.<\/p>\n<p>No dude en contactarnos para cualquier consulta o requerimiento adicional. Estamos aqu\u00ed para ayudarle a encontrar la soluci\u00f3n perfecta para sus necesidades de transporte de carga.<\/p>\n","protected":false},"excerpt":{"rendered":"<p>Nuestra prioridad es ofrecer productos de la m\u00e1s alta calidad, dise\u00f1ados meticulosamente para satisfacer todas sus necesidades en el transporte terrestre de carga. Con m\u00e1s de 70 a\u00f1os de experiencia, nos hemos consolidado como l\u00edderes en el mercado. Le invitamos a explorar nuestro sitio web para descubrir en detalle nuestra amplia gama de productos. Adem\u00e1s, [&hellip;]<\/p>\n","protected":false},"author":1,"featured_media":9646,"parent":0,"menu_order":0,"comment_status":"closed","ping_status":"closed","template":"","meta":[],"_links":{"self":[{"href":"https:\/\/laatomica.com.ar\/index.php\/wp-json\/wp\/v2\/pages\/9325"}],"collection":[{"href":"https:\/\/laatomica.com.ar\/index.php\/wp-json\/wp\/v2\/pages"}],"about":[{"href":"https:\/\/laatomica.com.ar\/index.php\/wp-json\/wp\/v2\/types\/page"}],"author":[{"embeddable":true,"href":"https:\/\/laatomica.com.ar\/index.php\/wp-json\/wp\/v2\/users\/1"}],"replies":[{"embeddable":true,"href":"https:\/\/laatomica.com.ar\/index.php\/wp-json\/wp\/v2\/comments?post=9325"}],"version-history":[{"count":6,"href":"https:\/\/laatomica.com.ar\/index.php\/wp-json\/wp\/v2\/pages\/9325\/revisions"}],"predecessor-version":[{"id":9392,"href":"https:\/\/laatomica.com.ar\/index.php\/wp-json\/wp\/v2\/pages\/9325\/revisions\/9392"}],"wp:featuredmedia":[{"embeddable":true,"href":"https:\/\/laatomica.com.ar\/index.php\/wp-json\/wp\/v2\/media\/9646"}],"wp:attachment":[{"href":"https:\/\/laatomica.com.ar\/index.php\/wp-json\/wp\/v2\/media?parent=9325"}],"curies":[{"name":"wp","href":"https:\/\/api.w.org\/{rel}","templated":true}]}}